{"id":1665,"date":"2021-10-22T17:00:33","date_gmt":"2021-10-22T09:00:33","guid":{"rendered":"https:\/\/yogurt-machines.com\/?page_id=1665"},"modified":"2021-10-22T17:05:10","modified_gmt":"2021-10-22T09:05:10","slug":"300ml-yogurt-production-line-shipped-to-kenya","status":"publish","type":"page","link":"https:\/\/yogurt-machines.com\/de\/300ml-yogurt-production-line-shipped-to-kenya\/","title":{"rendered":"300-ml-Joghurt-Produktionslinie nach Kenia geliefert"},"content":{"rendered":"<p class=\"translation-block\">Unser Unternehmen exportiert haupts\u00e4chlich kleine Joghurt-Produktionslinien f\u00fcr 200-500 ml. Durch langj\u00e4hrige Erfahrung haben wir nach Kenia, S\u00fcdafrika, Nigeria, Pakistan und an andere Orte exportiert und wurden von den Kunden gut aufgenommen. Wir haben gerade eine<a href=\"https:\/\/yogurt-machines.com\/de\/200-500l-yogurt-production-line-yogurt-making-machine\/\"> 300-ml-Joghurt-Produktionslinie<\/a> nach Kenia exportiert.<\/p>    <h2 class=\"wp-block-heading\">Wie gr\u00fcndet man eine Joghurtfabrik?<\/h2>    <p>Es gibt viele Menschen, die mit der Joghurtproduktion beginnen wollen, aber nicht wissen, wie sie anfangen sollen. Wenn Sie bereits \u00fcber eine Co-Fabrik verf\u00fcgen, m\u00fcssen Sie mit der Auswahl der Maschinen beginnen. Die Wahl einer Maschine mit gro\u00dfer Leistung h\u00e4ngt von der Gr\u00f6\u00dfe und dem Kapital der Fabrik ab. Wenn ja, ist es f\u00fcr das erste Joghurtproduktionsunternehmen am besten, eine Joghurtproduktionslinie mit kleinem Volumen zum Ausprobieren auszuw\u00e4hlen. Eine 200-500-ml-Joghurt-Produktionslinie ist genau das Richtige.<\/p>    <figure class=\"wp-block-image size-full\"><img loading=\"lazy\" decoding=\"async\" width=\"750\" height=\"604\" src=\"https:\/\/yogurt-machines.com\/wp-content\/uploads\/2021\/10\/yogurt-production.jpg\" alt=\"Joghurt-Produktionslinie\" class=\"wp-image-1669\" title=\"\"><\/figure>    <h2 class=\"wp-block-heading\" id=\"h-what-machines-are-used-to-make-yogurt\">Mit welchen Maschinen wird Joghurt hergestellt?<\/h2>    <p>Welche Maschine wird f\u00fcr die Joghurtherstellung ben\u00f6tigt? Bei der Joghurtverarbeitung gibt es viele Verfahren. Dar\u00fcber hinaus gibt es einige Unterschiede bei den Maschinen, mit denen Joghurt hergestellt wird, indem man sich f\u00fcr Frischmilch oder Milchpulver entscheidet. Daher sollten Sie vor der Produktion zun\u00e4chst feststellen, um welche Rohstoffe es sich handelt. Wenn Sie Milchpulver f\u00fcr die Produktion verwenden m\u00f6chten, m\u00fcssen Sie keine K\u00fchltanks kaufen. Wenn Sie jedoch frische Milch f\u00fcr die Produktion verwenden m\u00f6chten, m\u00fcssen Sie einen K\u00fchltank verwenden<\/p>    <h2 class=\"wp-block-heading\">So w\u00e4hlen Sie eine Joghurt-Produktionslinie aus<\/h2>    <p>Es gibt viele Maschinen zur Herstellung von Joghurt auf dem Markt und auch die Preise sind sehr unterschiedlich. Beim Kauf einer Joghurt-Produktionslinie m\u00fcssen Sie neben den Spezifikationen und Abmessungen der Joghurt-Produktionsmaschine vor allem auf das Material der Joghurt-Produktionslinie achten. Versuchen Sie, Edelstahlmaterial zu w\u00e4hlen, da Joghurt h\u00e4ufig Fl\u00fcssigkeiten ausgesetzt ist und anf\u00e4lliger f\u00fcr Rost ist. Daher ist das Edelstahlmaterial sehr wichtig.<\/p>    <h2 class=\"wp-block-heading\">Unternehmensprofil<\/h2>    <p>Wir besch\u00e4ftigen uns seit vielen Jahren mit Joghurtmaschinen und verf\u00fcgen \u00fcber umfangreiche Erfahrung. Wir verkaufen sie beim Export zu den niedrigsten Preisen an Kunden. Es gibt viele Fabriken, die Joghurt herstellen. Wir werden unsere Maschinen viele Male kaufen, weil wir das Problem von Hu Ke rechtzeitig l\u00f6sen k\u00f6nnen. Anspruchsvoll.<\/p>    <figure class=\"wp-block-image size-full\"><img loading=\"lazy\" decoding=\"async\" width=\"750\" height=\"736\" src=\"https:\/\/yogurt-machines.com\/wp-content\/uploads\/2021\/10\/yogurt-production-line-company.jpg\" alt=\"Joghurt-Produktionslinie\" class=\"wp-image-1670\" title=\"\"><\/figure>","protected":false},"excerpt":{"rendered":"<p class=\"translation-block\">Unser Unternehmen exportiert haupts\u00e4chlich kleine Joghurtproduktionsanlagen mit 200-500 ml. Durch langj\u00e4hrige Erfahrung haben wir nach Kenia, S\u00fcdafrika, Nigeria, Pakistan und an andere Orte exportiert und wurden gut \u2026 <a title=\"300ml Yogurt Production Line Shipped to Kenya\" class=\"read-more\" href=\"https:\/\/yogurt-machines.com\/de\/300ml-yogurt-production-line-shipped-to-kenya\/\" aria-label=\"Mehr Informationen \u00fcber 300ml Yogurt Production Line Shipped to Kenya\">\u2026<\/a><\/p>","protected":false},"author":1,"featured_media":1667,"parent":0,"menu_order":0,"comment_status":"open","ping_status":"closed","template":"","meta":{"footnotes":""},"class_list":["post-1665","page","type-page","status-publish","has-post-thumbnail"],"_links":{"self":[{"href":"https:\/\/yogurt-machines.com\/de\/wp-json\/wp\/v2\/pages\/1665","targetHints":{"allow":["GET"]}}],"collection":[{"href":"https:\/\/yogurt-machines.com\/de\/wp-json\/wp\/v2\/pages"}],"about":[{"href":"https:\/\/yogurt-machines.com\/de\/wp-json\/wp\/v2\/types\/page"}],"author":[{"embeddable":true,"href":"https:\/\/yogurt-machines.com\/de\/wp-json\/wp\/v2\/users\/1"}],"replies":[{"embeddable":true,"href":"https:\/\/yogurt-machines.com\/de\/wp-json\/wp\/v2\/comments?post=1665"}],"version-history":[{"count":0,"href":"https:\/\/yogurt-machines.com\/de\/wp-json\/wp\/v2\/pages\/1665\/revisions"}],"wp:featuredmedia":[{"embeddable":true,"href":"https:\/\/yogurt-machines.com\/de\/wp-json\/wp\/v2\/media\/1667"}],"wp:attachment":[{"href":"https:\/\/yogurt-machines.com\/de\/wp-json\/wp\/v2\/media?parent=1665"}],"curies":[{"name":"wp","href":"https:\/\/api.w.org\/{rel}","templated":true}]}}