{"id":21,"date":"2019-11-20T09:23:24","date_gmt":"2019-11-20T09:23:24","guid":{"rendered":"http:\/\/yogurt-machines.com\/?page_id=21"},"modified":"2021-03-01T10:56:17","modified_gmt":"2021-03-01T02:56:17","slug":"taizy-yogurt-machinery","status":"publish","type":"page","link":"https:\/\/yogurt-machines.com\/de\/","title":{"rendered":"Taizy Joghurtmaschinen"},"content":{"rendered":"<div class=\"wp-block-columns is-layout-flex wp-container-core-columns-is-layout-9d6595d7 wp-block-columns-is-layout-flex\"> <div class=\"wp-block-column is-layout-flow wp-block-column-is-layout-flow\"> <h2 class=\"has-text-align-center wp-block-heading\" id=\"h-company-profile\"> <strong>Unternehmensprofil<\/strong> <\/h2>    <div class=\"wp-block-image\"><figure class=\"aligncenter size-large is-resized\"><img loading=\"lazy\" decoding=\"async\" src=\"https:\/\/yogurt-machines.com\/wp-content\/uploads\/2019\/11\/org_underline2.png\" alt=\"\" class=\"wp-image-251\" width=\"154\" height=\"4\" title=\"\" srcset=\"https:\/\/yogurt-machines.com\/wp-content\/uploads\/2019\/11\/org_underline2.png 154w, https:\/\/yogurt-machines.com\/wp-content\/uploads\/2019\/11\/org_underline2-150x4.png 150w\" sizes=\"auto, (max-width: 154px) 100vw, 154px\" \/><\/figure><\/div>    <p class=\"has-text-align-center\"> Zhengzhou Taizy Machinery Co., Ltd\u00a0ist ein f\u00fchrender Hersteller von Joghurtverarbeitungsmaschinen in China. Wir integrieren Produktion, Design, Installation und Montage als Ganzes und bieten unseren Kunden den besten Service. Die von uns hergestellten Joghurtmaschinen zeichnen sich durch eine hervorragende Arbeitseffizienz aus und wir k\u00f6nnen die gew\u00fcnschte Kapazit\u00e4t entsprechend Ihren Anforderungen anpassen.<\/p> <\/div>    <div class=\"wp-block-column shadow is-layout-flow wp-block-column-is-layout-flow\"> <figure class=\"wp-block-image size-large\"><img loading=\"lazy\" decoding=\"async\" width=\"1024\" height=\"652\" src=\"https:\/\/yogurt-machines.com\/wp-content\/uploads\/2019\/12\/factory-1024x652.jpg\" alt=\"\" class=\"wp-image-387\" title=\"\" srcset=\"https:\/\/yogurt-machines.com\/wp-content\/uploads\/2019\/12\/factory-1024x652.jpg 1024w, https:\/\/yogurt-machines.com\/wp-content\/uploads\/2019\/12\/factory-300x191.jpg 300w, https:\/\/yogurt-machines.com\/wp-content\/uploads\/2019\/12\/factory-768x489.jpg 768w, https:\/\/yogurt-machines.com\/wp-content\/uploads\/2019\/12\/factory.jpg 1156w\" sizes=\"auto, (max-width: 1024px) 100vw, 1024px\" \/><\/figure> <\/div> <\/div>    <div class=\"bg\">    <div class=\"wp-block-columns is-layout-flex wp-container-core-columns-is-layout-9d6595d7 wp-block-columns-is-layout-flex\"> <div class=\"wp-block-column is-layout-flow wp-block-column-is-layout-flow\"> <figure class=\"wp-block-image size-large\"><img loading=\"lazy\" decoding=\"async\" width=\"750\" height=\"608\" src=\"https:\/\/yogurt-machines.com\/wp-content\/uploads\/2019\/12\/certificate-11.jpg\" alt=\"\" class=\"wp-image-389\" title=\"\" srcset=\"https:\/\/yogurt-machines.com\/wp-content\/uploads\/2019\/12\/certificate-11.jpg 750w, https:\/\/yogurt-machines.com\/wp-content\/uploads\/2019\/12\/certificate-11-300x243.jpg 300w\" sizes=\"auto, (max-width: 750px) 100vw, 750px\" \/><\/figure> <\/div>    <div class=\"wp-block-column text is-layout-flow wp-block-column-is-layout-flow\"> <h2 class=\"has-text-align-center wp-block-heading\" id=\"h-authorized-certificates\"> Autorisierte Zertifikate <\/h2>    <p class=\"has-text-align-center\"> Taizy-Joghurtverarbeitungsmaschinen wurden in viele L\u00e4nder verkauft und erhielten gutes Feedback von den Kunden. Durch den langfristigen Austausch und die Zusammenarbeit mit \u00dcberseel\u00e4ndern h\u00e4lt Taizy-Joghurt mit der Zeit Schritt und erobert gro\u00dfe internationale M\u00e4rkte.<\/p> <\/div> <\/div>    <\/div>    <h2 class=\"has-text-align-center wp-block-heading\" id=\"h-our-products\"><strong> Unsere Produkte <\/strong><\/h2>    <div class=\"wp-block-image\"><figure class=\"aligncenter size-large\"><img loading=\"lazy\" decoding=\"async\" width=\"154\" height=\"4\" src=\"https:\/\/yogurt-machines.com\/wp-content\/uploads\/2019\/11\/org_underline2.png\" alt=\"\" class=\"wp-image-251\" title=\"\" srcset=\"https:\/\/yogurt-machines.com\/wp-content\/uploads\/2019\/11\/org_underline2.png 154w, https:\/\/yogurt-machines.com\/wp-content\/uploads\/2019\/11\/org_underline2-150x4.png 150w\" sizes=\"auto, (max-width: 154px) 100vw, 154px\" \/><\/figure><\/div>    <div class=\"pt-cv-wrapper\"><div class=\"pt-cv-view pt-cv-grid pt-cv-colsys\" id=\"pt-cv-view-4b1fdda17f\"><div data-id=\"pt-cv-page-1\" class=\"pt-cv-page\" data-cvc=\"3\"><div class=\"col-md-4 col-sm-6 col-xs-12 pt-cv-content-item pt-cv-1-col\"  data-pid=\"7960\"><div class='pt-cv-ifield'><a href=\"https:\/\/yogurt-machines.com\/de\/reconstituted-milk-yogurt-production-line\/\" class=\"_self pt-cv-href-thumbnail pt-cv-thumb-default cvplbd\" target=\"_self\" ><img loading=\"lazy\" decoding=\"async\" width=\"720\" height=\"540\" src=\"https:\/\/yogurt-machines.com\/wp-content\/uploads\/2026\/03\/reconstituted-milk-yogurt-production-line.webp\" class=\"pt-cv-thumbnail img-none\" alt=\"rekonstituierte Milchjoghurt-Produktionslinie\" srcset=\"https:\/\/yogurt-machines.com\/wp-content\/uploads\/2026\/03\/reconstituted-milk-yogurt-production-line.webp 720w, https:\/\/yogurt-machines.com\/wp-content\/uploads\/2026\/03\/reconstituted-milk-yogurt-production-line-16x12.webp 16w\" sizes=\"auto, (max-width: 720px) 100vw, 720px\" title=\"\"><\/a> <h4 class=\"pt-cv-title\"><a href=\"https:\/\/yogurt-machines.com\/de\/reconstituted-milk-yogurt-production-line\/\" class=\"_self cvplbd\" target=\"_self\" >Rekonstituierte Milchjoghurt-Produktionslinie<\/a><\/h4> <div class=\"pt-cv-content\">Vollst\u00e4ndiger Leitfaden zur Joghurtproduktionslinie aus Milchpulver f\u00fcr die Kleinserien-Joghurtproduktion. Enth\u00e4lt Kostenanalyse, Ger\u00e4tespezifikationen und ...<br \/><div class=\"pt-cv-rmwrap\"><a href=\"https:\/\/yogurt-machines.com\/de\/reconstituted-milk-yogurt-production-line\/\" class=\"_self pt-cv-readmore btn btn-success cvplbd\" target=\"_self\">Weiterlesen<\/a><\/div><\/div><\/div><\/div> <div class=\"col-md-4 col-sm-6 col-xs-12 pt-cv-content-item pt-cv-1-col\"  data-pid=\"7924\"><div class='pt-cv-ifield'><a href=\"https:\/\/yogurt-machines.com\/de\/yogurt-machine-maintenance-guide\/\" class=\"_self pt-cv-href-thumbnail pt-cv-thumb-default cvplbd\" target=\"_self\" ><img loading=\"lazy\" decoding=\"async\" width=\"720\" height=\"540\" src=\"https:\/\/yogurt-machines.com\/wp-content\/uploads\/2026\/03\/yogurt-machine-maintenance.webp\" class=\"pt-cv-thumbnail img-none\" alt=\"Joghurtmaschinenwartung\" srcset=\"https:\/\/yogurt-machines.com\/wp-content\/uploads\/2026\/03\/yogurt-machine-maintenance.webp 720w, https:\/\/yogurt-machines.com\/wp-content\/uploads\/2026\/03\/yogurt-machine-maintenance-16x12.webp 16w\" sizes=\"auto, (max-width: 720px) 100vw, 720px\" title=\"\"><\/a> <h4 class=\"pt-cv-title\"><a href=\"https:\/\/yogurt-machines.com\/de\/yogurt-machine-maintenance-guide\/\" class=\"_self cvplbd\" target=\"_self\" >Vollst\u00e4ndiger Wartungsleitfaden f\u00fcr Joghurtmaschinen: Verl\u00e4ngern Sie die Lebensdauer der Ger\u00e4te<\/a><\/h4> <div class=\"pt-cv-content\">Vollst\u00e4ndiger Wartungsleitfaden f\u00fcr Joghurtmaschinen. T\u00e4gliche, w\u00f6chentliche, monatliche Wartungspl\u00e4ne. CIP-Reinigungsverfahren, Fehlerbehebung bei h\u00e4ufigen Problemen. Verl\u00e4ngern Sie die Lebensdauer der Ger\u00e4te durch ...<br \/><div class=\"pt-cv-rmwrap\"><a href=\"https:\/\/yogurt-machines.com\/de\/yogurt-machine-maintenance-guide\/\" class=\"_self pt-cv-readmore btn btn-success cvplbd\" target=\"_self\">Weiterlesen<\/a><\/div><\/div><\/div><\/div> <div class=\"col-md-4 col-sm-6 col-xs-12 pt-cv-content-item pt-cv-1-col\"  data-pid=\"7849\"><div class='pt-cv-ifield'><a href=\"https:\/\/yogurt-machines.com\/de\/kenyan-client-inspect-yogurt-producing-machine-factory\/\" class=\"_self pt-cv-href-thumbnail pt-cv-thumb-default cvplbd\" target=\"_self\" ><img loading=\"lazy\" decoding=\"async\" width=\"720\" height=\"540\" src=\"https:\/\/yogurt-machines.com\/wp-content\/uploads\/2026\/02\/customers-and-our-professional-sales.webp\" class=\"pt-cv-thumbnail img-none\" alt=\"Kunden und unser professionelles Verkaufsteam\" srcset=\"https:\/\/yogurt-machines.com\/wp-content\/uploads\/2026\/02\/customers-and-our-professional-sales.webp 720w, https:\/\/yogurt-machines.com\/wp-content\/uploads\/2026\/02\/customers-and-our-professional-sales-16x12.webp 16w\" sizes=\"auto, (max-width: 720px) 100vw, 720px\" title=\"\"><\/a> <h4 class=\"pt-cv-title\"><a href=\"https:\/\/yogurt-machines.com\/de\/kenyan-client-inspect-yogurt-producing-machine-factory\/\" class=\"_self cvplbd\" target=\"_self\" >Kenia-Kunde inspiziert Joghurtproduktionsmaschine in der Fabrik<\/a><\/h4> <div class=\"pt-cv-content\">Ein kenianischer Kunde besuchte unsere Fabrik, um seine ma\u00dfgeschneiderte 1000L-Joghurtmaschine Produktionslinie zu inspizieren. Nach der vollst\u00e4ndigen Testphase ...<br \/><div class=\"pt-cv-rmwrap\"><a href=\"https:\/\/yogurt-machines.com\/de\/kenyan-client-inspect-yogurt-producing-machine-factory\/\" class=\"_self pt-cv-readmore btn btn-success cvplbd\" target=\"_self\">Weiterlesen<\/a><\/div><\/div><\/div><\/div> <div class=\"col-md-4 col-sm-6 col-xs-12 pt-cv-content-item pt-cv-1-col\"  data-pid=\"7819\"><div class='pt-cv-ifield'><a href=\"https:\/\/yogurt-machines.com\/de\/yogurt-filling-sealing-machine-buying-guide\/\" class=\"_self pt-cv-href-thumbnail pt-cv-thumb-default cvplbd\" target=\"_self\" ><img loading=\"lazy\" decoding=\"async\" width=\"720\" height=\"540\" src=\"https:\/\/yogurt-machines.com\/wp-content\/uploads\/2026\/01\/linear-yogurt-filling-sealing-machine.webp\" class=\"pt-cv-thumbnail img-none\" alt=\"Lineare Joghurtf\u00fcll- und Versiegelungsmaschine\" srcset=\"https:\/\/yogurt-machines.com\/wp-content\/uploads\/2026\/01\/linear-yogurt-filling-sealing-machine.webp 720w, https:\/\/yogurt-machines.com\/wp-content\/uploads\/2026\/01\/linear-yogurt-filling-sealing-machine-16x12.webp 16w\" sizes=\"auto, (max-width: 720px) 100vw, 720px\" title=\"\"><\/a> <h4 class=\"pt-cv-title\"><a href=\"https:\/\/yogurt-machines.com\/de\/yogurt-filling-sealing-machine-buying-guide\/\" class=\"_self cvplbd\" target=\"_self\" >Kaufberatung f\u00fcr Joghurtf\u00fcll- und Versiegelungsmaschine<\/a><\/h4> <div class=\"pt-cv-content\">Dieses Kaufhandbuch erkl\u00e4rt, wie man die richtige Joghurtf\u00fcll- und Versiegelungsmaschine ausw\u00e4hlt, einschlie\u00dflich Maschinentyp, Bechergr\u00f6\u00dfenkompatibilit\u00e4t, ...<br \/><div class=\"pt-cv-rmwrap\"><a href=\"https:\/\/yogurt-machines.com\/de\/yogurt-filling-sealing-machine-buying-guide\/\" class=\"_self pt-cv-readmore btn btn-success cvplbd\" target=\"_self\">Weiterlesen<\/a><\/div><\/div><\/div><\/div> <div class=\"col-md-4 col-sm-6 col-xs-12 pt-cv-content-item pt-cv-1-col\"  data-pid=\"7785\"><div class='pt-cv-ifield'><a href=\"https:\/\/yogurt-machines.com\/de\/faq-about-commercial-yogurt-maker\/\" class=\"_self pt-cv-href-thumbnail pt-cv-thumb-default cvplbd\" target=\"_self\" ><img loading=\"lazy\" decoding=\"async\" width=\"720\" height=\"540\" src=\"https:\/\/yogurt-machines.com\/wp-content\/uploads\/2026\/01\/commercial-yogurt-maker.webp\" class=\"pt-cv-thumbnail img-none\" alt=\"Gewerblicher Joghurtbereiter\" srcset=\"https:\/\/yogurt-machines.com\/wp-content\/uploads\/2026\/01\/commercial-yogurt-maker.webp 720w, https:\/\/yogurt-machines.com\/wp-content\/uploads\/2026\/01\/commercial-yogurt-maker-16x12.webp 16w\" sizes=\"auto, (max-width: 720px) 100vw, 720px\" title=\"\"><\/a> <h4 class=\"pt-cv-title\"><a href=\"https:\/\/yogurt-machines.com\/de\/faq-about-commercial-yogurt-maker\/\" class=\"_self cvplbd\" target=\"_self\" >FAQ zum gewerblichen Joghurtbereiter<\/a><\/h4> <div class=\"pt-cv-content\">Dieser Artikel beantwortet die h\u00e4ufigsten Kundenfragen vor dem Kauf, einschlie\u00dflich Aspekte wie Kapazit\u00e4t, Fermentationskontrolle, Reinigung, ...<br \/><div class=\"pt-cv-rmwrap\"><a href=\"https:\/\/yogurt-machines.com\/de\/faq-about-commercial-yogurt-maker\/\" class=\"_self pt-cv-readmore btn btn-success cvplbd\" target=\"_self\">Weiterlesen<\/a><\/div><\/div><\/div><\/div> <div class=\"col-md-4 col-sm-6 col-xs-12 pt-cv-content-item pt-cv-1-col\"  data-pid=\"7718\"><div class='pt-cv-ifield'><a href=\"https:\/\/yogurt-machines.com\/de\/homogenizer-machine-for-dairy-food-processing\/\" class=\"_self pt-cv-href-thumbnail pt-cv-thumb-default cvplbd\" target=\"_self\" ><img loading=\"lazy\" decoding=\"async\" width=\"720\" height=\"540\" src=\"https:\/\/yogurt-machines.com\/wp-content\/uploads\/2025\/11\/automatic-homogenizer-machine.webp\" class=\"pt-cv-thumbnail img-none\" alt=\"Automatischer Homogenisator\" srcset=\"https:\/\/yogurt-machines.com\/wp-content\/uploads\/2025\/11\/automatic-homogenizer-machine.webp 720w, https:\/\/yogurt-machines.com\/wp-content\/uploads\/2025\/11\/automatic-homogenizer-machine-16x12.webp 16w\" sizes=\"auto, (max-width: 720px) 100vw, 720px\" title=\"\"><\/a> <h4 class=\"pt-cv-title\"><a href=\"https:\/\/yogurt-machines.com\/de\/homogenizer-machine-for-dairy-food-processing\/\" class=\"_self cvplbd\" target=\"_self\" >Homogenisiermaschine f\u00fcr die Milch- und Joghurtherstellung<\/a><\/h4> <div class=\"pt-cv-content\">Die Taizy-Homogenisierer bieten eine flexible Kapazit\u00e4t von 100-2000 L\/h und verbessern die Produktqualit\u00e4t erheblich, indem sie feinere, wei\u00dfere und stabilere ... produzieren.<br \/><div class=\"pt-cv-rmwrap\"><a href=\"https:\/\/yogurt-machines.com\/de\/homogenizer-machine-for-dairy-food-processing\/\" class=\"_self pt-cv-readmore btn btn-success cvplbd\" target=\"_self\">Weiterlesen<\/a><\/div><\/div><\/div><\/div><\/div><\/div><\/div>\t\t\t<style type=\"text\/css\" id=\"pt-cv-inline-style-d5acb82qst\">#pt-cv-view-4b1fdda17f .pt-cv-title a, #pt-cv-view-4b1fdda17f  .panel-title { font-weight: 600 !important; } #pt-cv-view-4b1fdda17f .pt-cv-readmore  { color: #ffffff !important; background-color: #00aeef !important; } #pt-cv-view-4b1fdda17f .pt-cv-readmore:hover  { color: #ffffff !important; background-color: #00aeef !important; }<\/style>  \t\t\t    <h2 class=\"has-text-align-center wp-block-heading\" id=\"h-our-service\"><strong>Unser Service <\/strong><\/h2>    <div class=\"wp-block-image\"><figure class=\"aligncenter size-large\"><img loading=\"lazy\" decoding=\"async\" width=\"154\" height=\"4\" src=\"https:\/\/yogurt-machines.com\/wp-content\/uploads\/2019\/11\/org_underline2.png\" alt=\"\" class=\"wp-image-251\" title=\"\" srcset=\"https:\/\/yogurt-machines.com\/wp-content\/uploads\/2019\/11\/org_underline2.png 154w, https:\/\/yogurt-machines.com\/wp-content\/uploads\/2019\/11\/org_underline2-150x4.png 150w\" sizes=\"auto, (max-width: 154px) 100vw, 154px\" \/><\/figure><\/div>    <div class=\"wp-block-columns three-text is-layout-flex wp-container-core-columns-is-layout-9d6595d7 wp-block-columns-is-layout-flex\"> <div class=\"wp-block-column is-layout-flow wp-block-column-is-layout-flow\"> <div class=\"wp-block-image is-style-circle-mask\"><figure class=\"aligncenter size-large\"><img loading=\"lazy\" decoding=\"async\" width=\"88\" height=\"70\" src=\"https:\/\/yogurt-machines.com\/wp-content\/uploads\/2019\/11\/tools.png\" alt=\"\" class=\"wp-image-112\" title=\"\"><\/figure><\/div>    <p class=\"has-text-align-center\">Pers\u00f6nliche Anpassung. Die Kapazit\u00e4t der Taizy-Joghurtverarbeitungsmaschinen reicht von 200 l bis 5 t, und wir passen die richtigen Linien f\u00fcr Sie entsprechend Ihren Anforderungen an.<\/p> <\/div>    <div class=\"wp-block-column is-layout-flow wp-block-column-is-layout-flow\"> <div class=\"wp-block-image is-style-circle-mask\"><figure class=\"aligncenter size-large\"><img loading=\"lazy\" decoding=\"async\" width=\"88\" height=\"70\" src=\"https:\/\/yogurt-machines.com\/wp-content\/uploads\/2019\/11\/tools.png\" alt=\"\" class=\"wp-image-112\" title=\"\"><\/figure><\/div>    <p class=\"has-text-align-center\"> Berufsausbildung. Machen Sie sich keine Gedanken dar\u00fcber, wie die Maschine installiert und verwendet wird. Wir stellen Ihnen gerne unsere Techniker zur Seite.<\/p> <\/div>    <div class=\"wp-block-column is-layout-flow wp-block-column-is-layout-flow\"> <div class=\"wp-block-image is-style-circle-mask\"><figure class=\"aligncenter size-large\"><img loading=\"lazy\" decoding=\"async\" width=\"88\" height=\"70\" src=\"https:\/\/yogurt-machines.com\/wp-content\/uploads\/2019\/11\/tools.png\" alt=\"\" class=\"wp-image-112\" title=\"\"><\/figure><\/div>    <p class=\"has-text-align-center\">Rentabilit\u00e4tsanalyse. Wie kann man Geld verdienen? Wann k\u00f6nnen Sie das investierte Geld zur\u00fcckerhalten? Wir erstellen einen perfekten Plan auf der Grundlage des lokalen Marktes<\/p> <\/div> <\/div>    <p><\/p>","protected":false},"excerpt":{"rendered":"<p class=\"translation-block\">Unternehmensprofil Zhengzhou Taizy Machinery Co., Ltd ist ein f\u00fchrender Hersteller von Joghurtverarbeitungsmaschinen in China. Wir integrieren Produktion, Design, Installation und Montage als Ganzes und bieten die besten \u2026 <a title=\"Taizy Yogurt Machinery\" class=\"read-more\" href=\"https:\/\/yogurt-machines.com\/de\/\" aria-label=\"Mehr Informationen \u00fcber Taizy Yogurt Machinery\">\u2026<\/a><\/p>","protected":false},"author":1,"featured_media":0,"parent":0,"menu_order":0,"comment_status":"closed","ping_status":"closed","template":"","meta":{"footnotes":""},"class_list":["post-21","page","type-page","status-publish"],"_links":{"self":[{"href":"https:\/\/yogurt-machines.com\/de\/wp-json\/wp\/v2\/pages\/21","targetHints":{"allow":["GET"]}}],"collection":[{"href":"https:\/\/yogurt-machines.com\/de\/wp-json\/wp\/v2\/pages"}],"about":[{"href":"https:\/\/yogurt-machines.com\/de\/wp-json\/wp\/v2\/types\/page"}],"author":[{"embeddable":true,"href":"https:\/\/yogurt-machines.com\/de\/wp-json\/wp\/v2\/users\/1"}],"replies":[{"embeddable":true,"href":"https:\/\/yogurt-machines.com\/de\/wp-json\/wp\/v2\/comments?post=21"}],"version-history":[{"count":0,"href":"https:\/\/yogurt-machines.com\/de\/wp-json\/wp\/v2\/pages\/21\/revisions"}],"wp:attachment":[{"href":"https:\/\/yogurt-machines.com\/de\/wp-json\/wp\/v2\/media?parent=21"}],"curies":[{"name":"wp","href":"https:\/\/api.w.org\/{rel}","templated":true}]}}