{"id":9,"date":"2019-11-20T08:56:35","date_gmt":"2019-11-20T08:56:35","guid":{"rendered":"http:\/\/yogurt-machines.com\/?page_id=9"},"modified":"2019-12-06T08:31:51","modified_gmt":"2019-12-06T00:31:51","slug":"about-us","status":"publish","type":"page","link":"https:\/\/yogurt-machines.com\/de\/about-us\/","title":{"rendered":"\u00dcber uns"},"content":{"rendered":"<figure class=\"wp-block-image size-large\"><img loading=\"lazy\" decoding=\"async\" width=\"87\" height=\"6\" src=\"https:\/\/yogurt-machines.com\/wp-content\/uploads\/2019\/11\/theme-title.png\" alt=\"\" class=\"wp-image-287\" title=\"\"><\/figure>    <h2 class=\"has-text-align-center wp-block-heading\"> Taizy Machinery Co., Ltd. <\/h2>    <p>Nach mehr als 10 Jahren harter Erkundung hat Taizy\u00a0Machinery\u00a0ein umfassendes und effektives Servicesystem aufgebaut und ein erfahrenes Vertriebsteam zusammengestellt. Wir stellen unseren Kunden nicht nur Anlagenlayout, Flussdiagramme und Rentabilit\u00e4tsanalysen zur Verf\u00fcgung, sondern beauftragen auch Ingenieure, ins Ausland zu gehen, um die Arbeiter zu schulen und anzuleiten und ihnen bei der Bedienung der Maschine zu helfen. Dadurch haben wir viel Lob von unseren Kunden erhalten.\u00a0Gute Glaubw\u00fcrdigkeit, hervorragende Qualit\u00e4t und pers\u00f6nlicher Service sind unser st\u00e4ndiges Streben. Wir w\u00fcnschen uns, dass wir im Rahmen unserer unerm\u00fcdlichen Bem\u00fchungen zur Entwicklung und zum Wohlstand der Joghurtverarbeitungsmaschine beitragen k\u00f6nnen.<\/p>    <figure class=\"wp-block-image size-large\"><img loading=\"lazy\" decoding=\"async\" width=\"960\" height=\"724\" src=\"https:\/\/yogurt-machines.com\/wp-content\/uploads\/2019\/11\/company.jpg\" alt=\"\" class=\"wp-image-331\" title=\"\" srcset=\"https:\/\/yogurt-machines.com\/wp-content\/uploads\/2019\/11\/company.jpg 960w, https:\/\/yogurt-machines.com\/wp-content\/uploads\/2019\/11\/company-300x226.jpg 300w, https:\/\/yogurt-machines.com\/wp-content\/uploads\/2019\/11\/company-768x579.jpg 768w\" sizes=\"auto, (max-width: 960px) 100vw, 960px\" \/><\/figure>    <h2 class=\"has-text-align-center wp-block-heading\">Unser Service<\/h2>    <ol class=\"wp-block-list\"><li>Pers\u00f6nliche Anpassung. Die Kapazit\u00e4t der Taizy-Joghurtverarbeitungsmaschinen reicht von 200 l bis 5 t, und wir passen die richtigen Linien f\u00fcr Sie entsprechend Ihren Anforderungen an.<\/li><li>Berufsausbildung. Machen Sie sich keine Gedanken dar\u00fcber, wie die Maschine installiert und verwendet wird. Wir stellen Ihnen gerne unsere Techniker zur Seite.<\/li><li>Rentabilit\u00e4tsanalyse. Wie kann man Geld verdienen? Wann k\u00f6nnen Sie das investierte Geld zur\u00fcckerhalten? Wir erstellen einen perfekten Plan auf der Grundlage des lokalen Marktes.<\/li><\/ol>    <figure class=\"wp-block-image size-large\"><img loading=\"lazy\" decoding=\"async\" width=\"1024\" height=\"768\" src=\"https:\/\/yogurt-machines.com\/wp-content\/uploads\/2019\/11\/yogurt-machines-1024x768.jpg\" alt=\"\" class=\"wp-image-364\" title=\"\" srcset=\"https:\/\/yogurt-machines.com\/wp-content\/uploads\/2019\/11\/yogurt-machines-1024x768.jpg 1024w, https:\/\/yogurt-machines.com\/wp-content\/uploads\/2019\/11\/yogurt-machines-300x225.jpg 300w, https:\/\/yogurt-machines.com\/wp-content\/uploads\/2019\/11\/yogurt-machines-768x576.jpg 768w, https:\/\/yogurt-machines.com\/wp-content\/uploads\/2019\/11\/yogurt-machines-1536x1152.jpg 1536w, https:\/\/yogurt-machines.com\/wp-content\/uploads\/2019\/11\/yogurt-machines-2048x1536.jpg 2048w\" sizes=\"auto, (max-width: 1024px) 100vw, 1024px\" \/><\/figure>","protected":false},"excerpt":{"rendered":"<p class=\"translation-block\">Taizy Machinery Co., Ltd. Nach mehr als 10 Jahren harter Erkundung hat Taizy Maschinen ein komplettes und effektives Dienstleistungssystem etabliert und ein erfahrenes Verkaufsteam geschaffen. Wir bieten nicht nur \u2026 <a title=\"\u00dcber uns\" class=\"read-more\" href=\"https:\/\/yogurt-machines.com\/de\/about-us\/\" aria-label=\"Mehr Informationen \u00fcber \u00dcber uns\">\u2026<\/a><\/p>","protected":false},"author":1,"featured_media":0,"parent":0,"menu_order":0,"comment_status":"closed","ping_status":"closed","template":"","meta":{"footnotes":""},"class_list":["post-9","page","type-page","status-publish"],"_links":{"self":[{"href":"https:\/\/yogurt-machines.com\/de\/wp-json\/wp\/v2\/pages\/9","targetHints":{"allow":["GET"]}}],"collection":[{"href":"https:\/\/yogurt-machines.com\/de\/wp-json\/wp\/v2\/pages"}],"about":[{"href":"https:\/\/yogurt-machines.com\/de\/wp-json\/wp\/v2\/types\/page"}],"author":[{"embeddable":true,"href":"https:\/\/yogurt-machines.com\/de\/wp-json\/wp\/v2\/users\/1"}],"replies":[{"embeddable":true,"href":"https:\/\/yogurt-machines.com\/de\/wp-json\/wp\/v2\/comments?post=9"}],"version-history":[{"count":0,"href":"https:\/\/yogurt-machines.com\/de\/wp-json\/wp\/v2\/pages\/9\/revisions"}],"wp:attachment":[{"href":"https:\/\/yogurt-machines.com\/de\/wp-json\/wp\/v2\/media?parent=9"}],"curies":[{"name":"wp","href":"https:\/\/api.w.org\/{rel}","templated":true}]}}