{"id":1665,"date":"2021-10-22T17:00:33","date_gmt":"2021-10-22T09:00:33","guid":{"rendered":"https:\/\/yogurt-machines.com\/?page_id=1665"},"modified":"2021-10-22T17:05:10","modified_gmt":"2021-10-22T09:05:10","slug":"300ml-yogurt-production-line-shipped-to-kenya","status":"publish","type":"page","link":"https:\/\/yogurt-machines.com\/es\/300ml-yogurt-production-line-shipped-to-kenya\/","title":{"rendered":"L\u00ednea de producci\u00f3n de yogur de 300 ml enviada a Kenia"},"content":{"rendered":"<p class=\"translation-block\">Nuestra empresa exporta principalmente l\u00edneas de producci\u00f3n de yogur peque\u00f1as de 200-500 ml. A trav\u00e9s de una acumulaci\u00f3n a largo plazo, hemos exportado a Kenia, Sud\u00e1frica, Nigeria, Pakist\u00e1n y otros lugares, y hemos sido bien recibidos por los clientes. Acabamos de exportar una <a href=\"https:\/\/yogurt-machines.com\/es\/200-500l-yogurt-production-line-yogurt-making-machine\/\">l\u00ednea de producci\u00f3n de yogur de 300 ml<\/a> a Kenia.<\/p>    <h2 class=\"wp-block-heading\">\u00bfC\u00f3mo se inicia una f\u00e1brica de yogur?<\/h2>    <p>Hay muchas personas que quieren emprender el negocio de producci\u00f3n de yogur, pero no saben c\u00f3mo empezar. Si ya tiene una cof\u00e1brica, debe comenzar a elegir m\u00e1quinas. La elecci\u00f3n de una m\u00e1quina con una gran producci\u00f3n depende del tama\u00f1o y el capital de la f\u00e1brica. Si es as\u00ed, para el primer negocio de producci\u00f3n de yogur, es mejor elegir una l\u00ednea de producci\u00f3n de yogur de peque\u00f1o volumen para probar. Una l\u00ednea de producci\u00f3n de yogur de 200 a 500 ml es perfecta.<\/p>    <figure class=\"wp-block-image size-full\"><img loading=\"lazy\" decoding=\"async\" width=\"750\" height=\"604\" src=\"https:\/\/yogurt-machines.com\/wp-content\/uploads\/2021\/10\/yogurt-production.jpg\" alt=\"l\u00ednea de producci\u00f3n de yogur\" class=\"wp-image-1669\" title=\"\"><\/figure>    <h2 class=\"wp-block-heading\" id=\"h-what-machines-are-used-to-make-yogurt\">\u00bfQu\u00e9 m\u00e1quinas se utilizan para hacer yogur?<\/h2>    <p>\u00bfQu\u00e9 m\u00e1quina se necesita para la producci\u00f3n de yogur? Existen muchos procedimientos en el proceso de elaboraci\u00f3n del yogur. Adem\u00e1s, existen algunas diferencias en las m\u00e1quinas utilizadas para producir yogur al elegir leche fresca o leche en polvo. Por lo tanto, primero debe determinar cu\u00e1les son las materias primas antes de la producci\u00f3n. Si desea utilizar leche en polvo para la producci\u00f3n, no necesita comprar tanques de refrigeraci\u00f3n. , Pero si desea utilizar leche fresca para la producci\u00f3n, debe utilizar un tanque de refrigeraci\u00f3n.<\/p>    <h2 class=\"wp-block-heading\">C\u00f3mo elegir una l\u00ednea de producci\u00f3n de yogur<\/h2>    <p>Hay muchas m\u00e1quinas para hacer yogur en el mercado y los precios tambi\u00e9n son muy diferentes. Al comprar una l\u00ednea de producci\u00f3n de yogur, adem\u00e1s de las especificaciones y dimensiones de la m\u00e1quina de producci\u00f3n de yogur, es m\u00e1s importante prestar atenci\u00f3n al material de la l\u00ednea de producci\u00f3n de yogur. Trate de elegir material de acero inoxidable, porque el yogur suele estar expuesto a l\u00edquidos y es m\u00e1s propenso a oxidarse, por lo que el material de acero inoxidable es muy importante.<\/p>    <h2 class=\"wp-block-heading\">Perfil de la empresa<\/h2>    <p>Nos dedicamos a las m\u00e1quinas de yogur durante muchos a\u00f1os y tenemos una gran experiencia. Los vendemos a los clientes a los precios m\u00e1s bajos al exportar. Hay muchas f\u00e1bricas que producen yogur. Compraremos nuestras m\u00e1quinas muchas veces porque podemos resolver el problema de Hu Ke a tiempo. Sofisticado.<\/p>    <figure class=\"wp-block-image size-full\"><img loading=\"lazy\" decoding=\"async\" width=\"750\" height=\"736\" src=\"https:\/\/yogurt-machines.com\/wp-content\/uploads\/2021\/10\/yogurt-production-line-company.jpg\" alt=\"l\u00ednea de producci\u00f3n de yogur\" class=\"wp-image-1670\" title=\"\"><\/figure>","protected":false},"excerpt":{"rendered":"<p class=\"translation-block\">Nuestra empresa exporta principalmente l\u00edneas de producci\u00f3n de yogur peque\u00f1as de 200-500 ml. A trav\u00e9s de una acumulaci\u00f3n a largo plazo, hemos exportado a Kenia, Sud\u00e1frica, Nigeria, Pakist\u00e1n y otros lugares, y hemos sido bien \u2026 <a title=\"300ml Yogurt Production Line Shipped to Kenya\" class=\"read-more\" href=\"https:\/\/yogurt-machines.com\/es\/300ml-yogurt-production-line-shipped-to-kenya\/\" aria-label=\"Leer m\u00e1s sobre 300ml Yogurt Production Line Shipped to Kenya\">\u2026<\/a><\/p>","protected":false},"author":1,"featured_media":1667,"parent":0,"menu_order":0,"comment_status":"open","ping_status":"closed","template":"","meta":{"footnotes":""},"class_list":["post-1665","page","type-page","status-publish","has-post-thumbnail"],"_links":{"self":[{"href":"https:\/\/yogurt-machines.com\/es\/wp-json\/wp\/v2\/pages\/1665","targetHints":{"allow":["GET"]}}],"collection":[{"href":"https:\/\/yogurt-machines.com\/es\/wp-json\/wp\/v2\/pages"}],"about":[{"href":"https:\/\/yogurt-machines.com\/es\/wp-json\/wp\/v2\/types\/page"}],"author":[{"embeddable":true,"href":"https:\/\/yogurt-machines.com\/es\/wp-json\/wp\/v2\/users\/1"}],"replies":[{"embeddable":true,"href":"https:\/\/yogurt-machines.com\/es\/wp-json\/wp\/v2\/comments?post=1665"}],"version-history":[{"count":0,"href":"https:\/\/yogurt-machines.com\/es\/wp-json\/wp\/v2\/pages\/1665\/revisions"}],"wp:featuredmedia":[{"embeddable":true,"href":"https:\/\/yogurt-machines.com\/es\/wp-json\/wp\/v2\/media\/1667"}],"wp:attachment":[{"href":"https:\/\/yogurt-machines.com\/es\/wp-json\/wp\/v2\/media?parent=1665"}],"curies":[{"name":"wp","href":"https:\/\/api.w.org\/{rel}","templated":true}]}}