{"id":21,"date":"2019-11-20T09:23:24","date_gmt":"2019-11-20T09:23:24","guid":{"rendered":"http:\/\/yogurt-machines.com\/?page_id=21"},"modified":"2021-03-01T10:56:17","modified_gmt":"2021-03-01T02:56:17","slug":"taizy-yogurt-machinery","status":"publish","type":"page","link":"https:\/\/yogurt-machines.com\/es\/","title":{"rendered":"Maquinaria de yogur Taizy"},"content":{"rendered":"<div class=\"wp-block-columns is-layout-flex wp-container-core-columns-is-layout-9d6595d7 wp-block-columns-is-layout-flex\"> <div class=\"wp-block-column is-layout-flow wp-block-column-is-layout-flow\"> <h2 class=\"has-text-align-center wp-block-heading\" id=\"h-company-profile\"> <strong>Perfil de la empresa<\/strong> <\/h2>    <div class=\"wp-block-image\"><figure class=\"aligncenter size-large is-resized\"><img loading=\"lazy\" decoding=\"async\" src=\"https:\/\/yogurt-machines.com\/wp-content\/uploads\/2019\/11\/org_underline2.png\" alt=\"\" class=\"wp-image-251\" width=\"154\" height=\"4\" title=\"\" srcset=\"https:\/\/yogurt-machines.com\/wp-content\/uploads\/2019\/11\/org_underline2.png 154w, https:\/\/yogurt-machines.com\/wp-content\/uploads\/2019\/11\/org_underline2-150x4.png 150w\" sizes=\"auto, (max-width: 154px) 100vw, 154px\" \/><\/figure><\/div>    <p class=\"has-text-align-center\"> Zhengzhou Taizy Machinery Co., Ltd\u00a0es un fabricante l\u00edder de m\u00e1quinas procesadoras de yogur en China, e integramos la producci\u00f3n, el dise\u00f1o, la instalaci\u00f3n y el ensamblaje en su conjunto, brindando el mejor servicio a nuestros clientes. Las m\u00e1quinas de yogur que producimos tienen una excelente eficiencia de trabajo y podemos personalizar la capacidad que desee de acuerdo con su demanda.<\/p> <\/div>    <div class=\"wp-block-column shadow is-layout-flow wp-block-column-is-layout-flow\"> <figure class=\"wp-block-image size-large\"><img loading=\"lazy\" decoding=\"async\" width=\"1024\" height=\"652\" src=\"https:\/\/yogurt-machines.com\/wp-content\/uploads\/2019\/12\/factory-1024x652.jpg\" alt=\"\" class=\"wp-image-387\" title=\"\" srcset=\"https:\/\/yogurt-machines.com\/wp-content\/uploads\/2019\/12\/factory-1024x652.jpg 1024w, https:\/\/yogurt-machines.com\/wp-content\/uploads\/2019\/12\/factory-300x191.jpg 300w, https:\/\/yogurt-machines.com\/wp-content\/uploads\/2019\/12\/factory-768x489.jpg 768w, https:\/\/yogurt-machines.com\/wp-content\/uploads\/2019\/12\/factory.jpg 1156w\" sizes=\"auto, (max-width: 1024px) 100vw, 1024px\" \/><\/figure> <\/div> <\/div>    <div class=\"bg\">    <div class=\"wp-block-columns is-layout-flex wp-container-core-columns-is-layout-9d6595d7 wp-block-columns-is-layout-flex\"> <div class=\"wp-block-column is-layout-flow wp-block-column-is-layout-flow\"> <figure class=\"wp-block-image size-large\"><img loading=\"lazy\" decoding=\"async\" width=\"750\" height=\"608\" src=\"https:\/\/yogurt-machines.com\/wp-content\/uploads\/2019\/12\/certificate-11.jpg\" alt=\"\" class=\"wp-image-389\" title=\"\" srcset=\"https:\/\/yogurt-machines.com\/wp-content\/uploads\/2019\/12\/certificate-11.jpg 750w, https:\/\/yogurt-machines.com\/wp-content\/uploads\/2019\/12\/certificate-11-300x243.jpg 300w\" sizes=\"auto, (max-width: 750px) 100vw, 750px\" \/><\/figure> <\/div>    <div class=\"wp-block-column text is-layout-flow wp-block-column-is-layout-flow\"> <h2 class=\"has-text-align-center wp-block-heading\" id=\"h-authorized-certificates\"> Certificados autorizados <\/h2>    <p class=\"has-text-align-center\"> Las m\u00e1quinas procesadoras de yogur Taizy se han vendido en muchos pa\u00edses y han recibido buenos comentarios de los clientes. Los intercambios y la cooperaci\u00f3n a largo plazo con pa\u00edses de ultramar hacen que el yogur Taizy se mantenga al d\u00eda y gane amplios mercados internacionales.<\/p> <\/div> <\/div>    <\/div>    <h2 class=\"has-text-align-center wp-block-heading\" id=\"h-our-products\"><strong> Nuestros productos <\/strong><\/h2>    <div class=\"wp-block-image\"><figure class=\"aligncenter size-large\"><img loading=\"lazy\" decoding=\"async\" width=\"154\" height=\"4\" src=\"https:\/\/yogurt-machines.com\/wp-content\/uploads\/2019\/11\/org_underline2.png\" alt=\"\" class=\"wp-image-251\" title=\"\" srcset=\"https:\/\/yogurt-machines.com\/wp-content\/uploads\/2019\/11\/org_underline2.png 154w, https:\/\/yogurt-machines.com\/wp-content\/uploads\/2019\/11\/org_underline2-150x4.png 150w\" sizes=\"auto, (max-width: 154px) 100vw, 154px\" \/><\/figure><\/div>    <div class=\"pt-cv-wrapper\"><div class=\"pt-cv-view pt-cv-grid pt-cv-colsys\" id=\"pt-cv-view-4b1fdda17f\"><div data-id=\"pt-cv-page-1\" class=\"pt-cv-page\" data-cvc=\"3\"><div class=\"col-md-4 col-sm-6 col-xs-12 pt-cv-content-item pt-cv-1-col\"  data-pid=\"7960\"><div class='pt-cv-ifield'><a href=\"https:\/\/yogurt-machines.com\/es\/reconstituted-milk-yogurt-production-line\/\" class=\"_self pt-cv-href-thumbnail pt-cv-thumb-default cvplbd\" target=\"_self\" ><img loading=\"lazy\" decoding=\"async\" width=\"720\" height=\"540\" src=\"https:\/\/yogurt-machines.com\/wp-content\/uploads\/2026\/03\/reconstituted-milk-yogurt-production-line.webp\" class=\"pt-cv-thumbnail img-none\" alt=\"L\u00ednea de producci\u00f3n de yogur de leche reconstituida\" srcset=\"https:\/\/yogurt-machines.com\/wp-content\/uploads\/2026\/03\/reconstituted-milk-yogurt-production-line.webp 720w, https:\/\/yogurt-machines.com\/wp-content\/uploads\/2026\/03\/reconstituted-milk-yogurt-production-line-16x12.webp 16w\" sizes=\"auto, (max-width: 720px) 100vw, 720px\" title=\"\"><\/a> <h4 class=\"pt-cv-title\"><a href=\"https:\/\/yogurt-machines.com\/es\/reconstituted-milk-yogurt-production-line\/\" class=\"_self cvplbd\" target=\"_self\" >L\u00ednea de producci\u00f3n de yogur de leche reconstituida<\/a><\/h4> <div class=\"pt-cv-content\">Gu\u00eda completa de la l\u00ednea de producci\u00f3n de yogur a partir de leche en polvo para la producci\u00f3n de yogur a peque\u00f1a escala. Incluye an\u00e1lisis de costos, especificaciones del equipo y ...<br \/><div class=\"pt-cv-rmwrap\"><a href=\"https:\/\/yogurt-machines.com\/es\/reconstituted-milk-yogurt-production-line\/\" class=\"_self pt-cv-readmore btn btn-success cvplbd\" target=\"_self\">Leer m\u00e1s<\/a><\/div><\/div><\/div><\/div> <div class=\"col-md-4 col-sm-6 col-xs-12 pt-cv-content-item pt-cv-1-col\"  data-pid=\"7924\"><div class='pt-cv-ifield'><a href=\"https:\/\/yogurt-machines.com\/es\/yogurt-machine-maintenance-guide\/\" class=\"_self pt-cv-href-thumbnail pt-cv-thumb-default cvplbd\" target=\"_self\" ><img loading=\"lazy\" decoding=\"async\" width=\"720\" height=\"540\" src=\"https:\/\/yogurt-machines.com\/wp-content\/uploads\/2026\/03\/yogurt-machine-maintenance.webp\" class=\"pt-cv-thumbnail img-none\" alt=\"Mantenimiento de la m\u00e1quina de yogur\" srcset=\"https:\/\/yogurt-machines.com\/wp-content\/uploads\/2026\/03\/yogurt-machine-maintenance.webp 720w, https:\/\/yogurt-machines.com\/wp-content\/uploads\/2026\/03\/yogurt-machine-maintenance-16x12.webp 16w\" sizes=\"auto, (max-width: 720px) 100vw, 720px\" title=\"\"><\/a> <h4 class=\"pt-cv-title\"><a href=\"https:\/\/yogurt-machines.com\/es\/yogurt-machine-maintenance-guide\/\" class=\"_self cvplbd\" target=\"_self\" >Gu\u00eda completa de mantenimiento de la m\u00e1quina de yogur: prolonga la vida \u00fatil del equipo<\/a><\/h4> <div class=\"pt-cv-content\">Gu\u00eda completa de mantenimiento de la m\u00e1quina de yogur. Programas de mantenimiento diarios, semanales y mensuales. Procedimientos de limpieza CIP, resoluci\u00f3n de problemas comunes. Extienda la vida \u00fatil del equipo por ...<br \/><div class=\"pt-cv-rmwrap\"><a href=\"https:\/\/yogurt-machines.com\/es\/yogurt-machine-maintenance-guide\/\" class=\"_self pt-cv-readmore btn btn-success cvplbd\" target=\"_self\">Leer m\u00e1s<\/a><\/div><\/div><\/div><\/div> <div class=\"col-md-4 col-sm-6 col-xs-12 pt-cv-content-item pt-cv-1-col\"  data-pid=\"7849\"><div class='pt-cv-ifield'><a href=\"https:\/\/yogurt-machines.com\/es\/kenyan-client-inspect-yogurt-producing-machine-factory\/\" class=\"_self pt-cv-href-thumbnail pt-cv-thumb-default cvplbd\" target=\"_self\" ><img loading=\"lazy\" decoding=\"async\" width=\"720\" height=\"540\" src=\"https:\/\/yogurt-machines.com\/wp-content\/uploads\/2026\/02\/customers-and-our-professional-sales.webp\" class=\"pt-cv-thumbnail img-none\" alt=\"clientes y nuestro equipo de ventas profesional\" srcset=\"https:\/\/yogurt-machines.com\/wp-content\/uploads\/2026\/02\/customers-and-our-professional-sales.webp 720w, https:\/\/yogurt-machines.com\/wp-content\/uploads\/2026\/02\/customers-and-our-professional-sales-16x12.webp 16w\" sizes=\"auto, (max-width: 720px) 100vw, 720px\" title=\"\"><\/a> <h4 class=\"pt-cv-title\"><a href=\"https:\/\/yogurt-machines.com\/es\/kenyan-client-inspect-yogurt-producing-machine-factory\/\" class=\"_self cvplbd\" target=\"_self\" >El cliente keniano inspecciona la m\u00e1quina productora de yogur en la f\u00e1brica<\/a><\/h4> <div class=\"pt-cv-content\">Un cliente de Kenia visit\u00f3 nuestra f\u00e1brica para inspeccionar su l\u00ednea de producci\u00f3n personalizada de yogur de 1000L. Despu\u00e9s de presenciar toda la prueba ...<br \/><div class=\"pt-cv-rmwrap\"><a href=\"https:\/\/yogurt-machines.com\/es\/kenyan-client-inspect-yogurt-producing-machine-factory\/\" class=\"_self pt-cv-readmore btn btn-success cvplbd\" target=\"_self\">Leer m\u00e1s<\/a><\/div><\/div><\/div><\/div> <div class=\"col-md-4 col-sm-6 col-xs-12 pt-cv-content-item pt-cv-1-col\"  data-pid=\"7819\"><div class='pt-cv-ifield'><a href=\"https:\/\/yogurt-machines.com\/es\/yogurt-filling-sealing-machine-buying-guide\/\" class=\"_self pt-cv-href-thumbnail pt-cv-thumb-default cvplbd\" target=\"_self\" ><img loading=\"lazy\" decoding=\"async\" width=\"720\" height=\"540\" src=\"https:\/\/yogurt-machines.com\/wp-content\/uploads\/2026\/01\/linear-yogurt-filling-sealing-machine.webp\" class=\"pt-cv-thumbnail img-none\" alt=\"m\u00e1quina lineal de llenado y sellado de yogur\" srcset=\"https:\/\/yogurt-machines.com\/wp-content\/uploads\/2026\/01\/linear-yogurt-filling-sealing-machine.webp 720w, https:\/\/yogurt-machines.com\/wp-content\/uploads\/2026\/01\/linear-yogurt-filling-sealing-machine-16x12.webp 16w\" sizes=\"auto, (max-width: 720px) 100vw, 720px\" title=\"\"><\/a> <h4 class=\"pt-cv-title\"><a href=\"https:\/\/yogurt-machines.com\/es\/yogurt-filling-sealing-machine-buying-guide\/\" class=\"_self cvplbd\" target=\"_self\" >Gu\u00eda de compra de la m\u00e1quina selladora de relleno de yogur<\/a><\/h4> <div class=\"pt-cv-content\">Esta gu\u00eda de compra explicar\u00e1 c\u00f3mo elegir la m\u00e1quina selladora de relleno de yogur adecuada, incluyendo el tipo de m\u00e1quina, compatibilidad con el tama\u00f1o de los vasos, ...<br \/><div class=\"pt-cv-rmwrap\"><a href=\"https:\/\/yogurt-machines.com\/es\/yogurt-filling-sealing-machine-buying-guide\/\" class=\"_self pt-cv-readmore btn btn-success cvplbd\" target=\"_self\">Leer m\u00e1s<\/a><\/div><\/div><\/div><\/div> <div class=\"col-md-4 col-sm-6 col-xs-12 pt-cv-content-item pt-cv-1-col\"  data-pid=\"7785\"><div class='pt-cv-ifield'><a href=\"https:\/\/yogurt-machines.com\/es\/faq-about-commercial-yogurt-maker\/\" class=\"_self pt-cv-href-thumbnail pt-cv-thumb-default cvplbd\" target=\"_self\" ><img loading=\"lazy\" decoding=\"async\" width=\"720\" height=\"540\" src=\"https:\/\/yogurt-machines.com\/wp-content\/uploads\/2026\/01\/commercial-yogurt-maker.webp\" class=\"pt-cv-thumbnail img-none\" alt=\"fabricante de yogur comercial\" srcset=\"https:\/\/yogurt-machines.com\/wp-content\/uploads\/2026\/01\/commercial-yogurt-maker.webp 720w, https:\/\/yogurt-machines.com\/wp-content\/uploads\/2026\/01\/commercial-yogurt-maker-16x12.webp 16w\" sizes=\"auto, (max-width: 720px) 100vw, 720px\" title=\"\"><\/a> <h4 class=\"pt-cv-title\"><a href=\"https:\/\/yogurt-machines.com\/es\/faq-about-commercial-yogurt-maker\/\" class=\"_self cvplbd\" target=\"_self\" >Preguntas frecuentes sobre la yogurtera comercial<\/a><\/h4> <div class=\"pt-cv-content\">Este art\u00edculo responde a las preguntas m\u00e1s frecuentes de los clientes antes de comprar, incluyendo aspectos como capacidad, control de fermentaci\u00f3n, limpieza, ...<br \/><div class=\"pt-cv-rmwrap\"><a href=\"https:\/\/yogurt-machines.com\/es\/faq-about-commercial-yogurt-maker\/\" class=\"_self pt-cv-readmore btn btn-success cvplbd\" target=\"_self\">Leer m\u00e1s<\/a><\/div><\/div><\/div><\/div> <div class=\"col-md-4 col-sm-6 col-xs-12 pt-cv-content-item pt-cv-1-col\"  data-pid=\"7718\"><div class='pt-cv-ifield'><a href=\"https:\/\/yogurt-machines.com\/es\/homogenizer-machine-for-dairy-food-processing\/\" class=\"_self pt-cv-href-thumbnail pt-cv-thumb-default cvplbd\" target=\"_self\" ><img loading=\"lazy\" decoding=\"async\" width=\"720\" height=\"540\" src=\"https:\/\/yogurt-machines.com\/wp-content\/uploads\/2025\/11\/automatic-homogenizer-machine.webp\" class=\"pt-cv-thumbnail img-none\" alt=\"m\u00e1quina homogenizadora autom\u00e1tica\" srcset=\"https:\/\/yogurt-machines.com\/wp-content\/uploads\/2025\/11\/automatic-homogenizer-machine.webp 720w, https:\/\/yogurt-machines.com\/wp-content\/uploads\/2025\/11\/automatic-homogenizer-machine-16x12.webp 16w\" sizes=\"auto, (max-width: 720px) 100vw, 720px\" title=\"\"><\/a> <h4 class=\"pt-cv-title\"><a href=\"https:\/\/yogurt-machines.com\/es\/homogenizer-machine-for-dairy-food-processing\/\" class=\"_self cvplbd\" target=\"_self\" >M\u00e1quina homogeneizadora para procesamiento de alimentos l\u00e1cteos y yogures<\/a><\/h4> <div class=\"pt-cv-content\">El homogeneizador Taizy ofrece una capacidad flexible, que va desde 100 hasta 2000 L\/h, mejorando significativamente la calidad del producto al producir una textura m\u00e1s fina, blanca y m\u00e1s estable ...<br \/><div class=\"pt-cv-rmwrap\"><a href=\"https:\/\/yogurt-machines.com\/es\/homogenizer-machine-for-dairy-food-processing\/\" class=\"_self pt-cv-readmore btn btn-success cvplbd\" target=\"_self\">Leer m\u00e1s<\/a><\/div><\/div><\/div><\/div><\/div><\/div><\/div>\t\t\t<style type=\"text\/css\" id=\"pt-cv-inline-style-87bb590v7q\">#pt-cv-view-4b1fdda17f .pt-cv-title a, #pt-cv-view-4b1fdda17f  .panel-title { font-weight: 600 !important; } #pt-cv-view-4b1fdda17f .pt-cv-readmore  { color: #ffffff !important; background-color: #00aeef !important; } #pt-cv-view-4b1fdda17f .pt-cv-readmore:hover  { color: #ffffff !important; background-color: #00aeef !important; }<\/style>  \t\t\t    <h2 class=\"has-text-align-center wp-block-heading\" id=\"h-our-service\"><strong>Nuestro servicio <\/strong><\/h2>    <div class=\"wp-block-image\"><figure class=\"aligncenter size-large\"><img loading=\"lazy\" decoding=\"async\" width=\"154\" height=\"4\" src=\"https:\/\/yogurt-machines.com\/wp-content\/uploads\/2019\/11\/org_underline2.png\" alt=\"\" class=\"wp-image-251\" title=\"\" srcset=\"https:\/\/yogurt-machines.com\/wp-content\/uploads\/2019\/11\/org_underline2.png 154w, https:\/\/yogurt-machines.com\/wp-content\/uploads\/2019\/11\/org_underline2-150x4.png 150w\" sizes=\"auto, (max-width: 154px) 100vw, 154px\" \/><\/figure><\/div>    <div class=\"wp-block-columns three-text is-layout-flex wp-container-core-columns-is-layout-9d6595d7 wp-block-columns-is-layout-flex\"> <div class=\"wp-block-column is-layout-flow wp-block-column-is-layout-flow\"> <div class=\"wp-block-image is-style-circle-mask\"><figure class=\"aligncenter size-large\"><img loading=\"lazy\" decoding=\"async\" width=\"88\" height=\"70\" src=\"https:\/\/yogurt-machines.com\/wp-content\/uploads\/2019\/11\/tools.png\" alt=\"\" class=\"wp-image-112\" title=\"\"><\/figure><\/div>    <p class=\"has-text-align-center\">Personalizaci\u00f3n personalizada. La capacidad de las m\u00e1quinas procesadoras de yogur Taizy var\u00eda entre 200L y 5T y personalizaremos las l\u00edneas adecuadas para usted seg\u00fan sus necesidades.<\/p> <\/div>    <div class=\"wp-block-column is-layout-flow wp-block-column-is-layout-flow\"> <div class=\"wp-block-image is-style-circle-mask\"><figure class=\"aligncenter size-large\"><img loading=\"lazy\" decoding=\"async\" width=\"88\" height=\"70\" src=\"https:\/\/yogurt-machines.com\/wp-content\/uploads\/2019\/11\/tools.png\" alt=\"\" class=\"wp-image-112\" title=\"\"><\/figure><\/div>    <p class=\"has-text-align-center\"> Entrenamiento profesional. Nunca se preocupe por c\u00f3mo instalar y utilizar la m\u00e1quina, absolutamente disponemos de nuestros t\u00e9cnicos para ayudarle.<\/p> <\/div>    <div class=\"wp-block-column is-layout-flow wp-block-column-is-layout-flow\"> <div class=\"wp-block-image is-style-circle-mask\"><figure class=\"aligncenter size-large\"><img loading=\"lazy\" decoding=\"async\" width=\"88\" height=\"70\" src=\"https:\/\/yogurt-machines.com\/wp-content\/uploads\/2019\/11\/tools.png\" alt=\"\" class=\"wp-image-112\" title=\"\"><\/figure><\/div>    <p class=\"has-text-align-center\">An\u00e1lisis de rentabilidad. \u00bfComo hacer dinero? \u00bfCu\u00e1ndo podr\u00e1s recuperar el dinero invertido? Haremos un plan perfecto sobre la base del mercado local.<\/p> <\/div> <\/div>    <p><\/p>","protected":false},"excerpt":{"rendered":"<p class=\"translation-block\">Perfil de la empresa Zhengzhou Taizy Machinery Co., Ltd es un fabricante l\u00edder de m\u00e1quinas de procesamiento de yogur en China, e integramos producci\u00f3n, dise\u00f1o, instalaci\u00f3n y montaje como un todo, proporcionando el mejor \u2026 <a title=\"Taizy Yogurt Machinery\" class=\"read-more\" href=\"https:\/\/yogurt-machines.com\/es\/\" aria-label=\"Leer m\u00e1s sobre Taizy Yogurt Machinery\">\u2026<\/a><\/p>","protected":false},"author":1,"featured_media":0,"parent":0,"menu_order":0,"comment_status":"closed","ping_status":"closed","template":"","meta":{"footnotes":""},"class_list":["post-21","page","type-page","status-publish"],"_links":{"self":[{"href":"https:\/\/yogurt-machines.com\/es\/wp-json\/wp\/v2\/pages\/21","targetHints":{"allow":["GET"]}}],"collection":[{"href":"https:\/\/yogurt-machines.com\/es\/wp-json\/wp\/v2\/pages"}],"about":[{"href":"https:\/\/yogurt-machines.com\/es\/wp-json\/wp\/v2\/types\/page"}],"author":[{"embeddable":true,"href":"https:\/\/yogurt-machines.com\/es\/wp-json\/wp\/v2\/users\/1"}],"replies":[{"embeddable":true,"href":"https:\/\/yogurt-machines.com\/es\/wp-json\/wp\/v2\/comments?post=21"}],"version-history":[{"count":0,"href":"https:\/\/yogurt-machines.com\/es\/wp-json\/wp\/v2\/pages\/21\/revisions"}],"wp:attachment":[{"href":"https:\/\/yogurt-machines.com\/es\/wp-json\/wp\/v2\/media?parent=21"}],"curies":[{"name":"wp","href":"https:\/\/api.w.org\/{rel}","templated":true}]}}