{"id":9,"date":"2019-11-20T08:56:35","date_gmt":"2019-11-20T08:56:35","guid":{"rendered":"http:\/\/yogurt-machines.com\/?page_id=9"},"modified":"2019-12-06T08:31:51","modified_gmt":"2019-12-06T00:31:51","slug":"about-us","status":"publish","type":"page","link":"https:\/\/yogurt-machines.com\/es\/about-us\/","title":{"rendered":"Sobre nosotros"},"content":{"rendered":"<figure class=\"wp-block-image size-large\"><img loading=\"lazy\" decoding=\"async\" width=\"87\" height=\"6\" src=\"https:\/\/yogurt-machines.com\/wp-content\/uploads\/2019\/11\/theme-title.png\" alt=\"\" class=\"wp-image-287\" title=\"\"><\/figure>    <h2 class=\"has-text-align-center wp-block-heading\"> Taizy Maquinaria Co., Ltd. <\/h2>    <p>Despu\u00e9s de m\u00e1s de 10 a\u00f1os de ardua exploraci\u00f3n, Taizy\u00a0machinery\u00a0ha establecido un sistema de servicio completo y eficaz y ha creado un equipo de ventas experimentado. No solo proporcionamos a los clientes dise\u00f1o de planta, diagramas de flujo y an\u00e1lisis de rentabilidad, sino que tambi\u00e9n asignamos ingenieros que viajan al extranjero para capacitar y guiar a los trabajadores, ayud\u00e1ndolos a operar la m\u00e1quina. Al hacer esto, hemos ganado elogios generalizados de los clientes. Buena credibilidad, excelente calidad y servicio \u00edntimo son nuestros objetivos constantes. Deseamos poder contribuir al desarrollo y la prosperidad de la m\u00e1quina procesadora de yogur gracias a nuestro incansable esfuerzo.<\/p>    <figure class=\"wp-block-image size-large\"><img loading=\"lazy\" decoding=\"async\" width=\"960\" height=\"724\" src=\"https:\/\/yogurt-machines.com\/wp-content\/uploads\/2019\/11\/company.jpg\" alt=\"\" class=\"wp-image-331\" title=\"\" srcset=\"https:\/\/yogurt-machines.com\/wp-content\/uploads\/2019\/11\/company.jpg 960w, https:\/\/yogurt-machines.com\/wp-content\/uploads\/2019\/11\/company-300x226.jpg 300w, https:\/\/yogurt-machines.com\/wp-content\/uploads\/2019\/11\/company-768x579.jpg 768w\" sizes=\"auto, (max-width: 960px) 100vw, 960px\" \/><\/figure>    <h2 class=\"has-text-align-center wp-block-heading\">Nuestro servicio<\/h2>    <ol class=\"wp-block-list\"><li>Personalizaci\u00f3n personalizada. La capacidad de las m\u00e1quinas procesadoras de yogur Taizy var\u00eda entre 200L y 5T y personalizaremos las l\u00edneas adecuadas para usted seg\u00fan sus necesidades.<\/li><li>Entrenamiento profesional. Nunca se preocupe por c\u00f3mo instalar y utilizar la m\u00e1quina, absolutamente disponemos de nuestros t\u00e9cnicos para ayudarle.<\/li><li>An\u00e1lisis de rentabilidad. \u00bfComo hacer dinero? \u00bfCu\u00e1ndo podr\u00e1s recuperar el dinero invertido? Haremos un plan perfecto sobre la base del mercado local.<\/li><\/ol>    <figure class=\"wp-block-image size-large\"><img loading=\"lazy\" decoding=\"async\" width=\"1024\" height=\"768\" src=\"https:\/\/yogurt-machines.com\/wp-content\/uploads\/2019\/11\/yogurt-machines-1024x768.jpg\" alt=\"\" class=\"wp-image-364\" title=\"\" srcset=\"https:\/\/yogurt-machines.com\/wp-content\/uploads\/2019\/11\/yogurt-machines-1024x768.jpg 1024w, https:\/\/yogurt-machines.com\/wp-content\/uploads\/2019\/11\/yogurt-machines-300x225.jpg 300w, https:\/\/yogurt-machines.com\/wp-content\/uploads\/2019\/11\/yogurt-machines-768x576.jpg 768w, https:\/\/yogurt-machines.com\/wp-content\/uploads\/2019\/11\/yogurt-machines-1536x1152.jpg 1536w, https:\/\/yogurt-machines.com\/wp-content\/uploads\/2019\/11\/yogurt-machines-2048x1536.jpg 2048w\" sizes=\"auto, (max-width: 1024px) 100vw, 1024px\" \/><\/figure>","protected":false},"excerpt":{"rendered":"<p class=\"translation-block\">Taizy Machinery Co., Ltd. Despu\u00e9s de m\u00e1s de 10 a\u00f1os de ardua exploraci\u00f3n, Taizy machinery ha establecido un sistema de servicio completo y eficaz y ha creado un equipo de ventas experimentado. No solo ofrecemos \u2026 <a title=\"About Us\" class=\"read-more\" href=\"https:\/\/yogurt-machines.com\/es\/about-us\/\" aria-label=\"Leer m\u00e1s sobre About Us\">\u2026<\/a><\/p>","protected":false},"author":1,"featured_media":0,"parent":0,"menu_order":0,"comment_status":"closed","ping_status":"closed","template":"","meta":{"footnotes":""},"class_list":["post-9","page","type-page","status-publish"],"_links":{"self":[{"href":"https:\/\/yogurt-machines.com\/es\/wp-json\/wp\/v2\/pages\/9","targetHints":{"allow":["GET"]}}],"collection":[{"href":"https:\/\/yogurt-machines.com\/es\/wp-json\/wp\/v2\/pages"}],"about":[{"href":"https:\/\/yogurt-machines.com\/es\/wp-json\/wp\/v2\/types\/page"}],"author":[{"embeddable":true,"href":"https:\/\/yogurt-machines.com\/es\/wp-json\/wp\/v2\/users\/1"}],"replies":[{"embeddable":true,"href":"https:\/\/yogurt-machines.com\/es\/wp-json\/wp\/v2\/comments?post=9"}],"version-history":[{"count":0,"href":"https:\/\/yogurt-machines.com\/es\/wp-json\/wp\/v2\/pages\/9\/revisions"}],"wp:attachment":[{"href":"https:\/\/yogurt-machines.com\/es\/wp-json\/wp\/v2\/media?parent=9"}],"curies":[{"name":"wp","href":"https:\/\/api.w.org\/{rel}","templated":true}]}}