{"id":1665,"date":"2021-10-22T17:00:33","date_gmt":"2021-10-22T09:00:33","guid":{"rendered":"https:\/\/yogurt-machines.com\/?page_id=1665"},"modified":"2021-10-22T17:05:10","modified_gmt":"2021-10-22T09:05:10","slug":"300ml-yogurt-production-line-shipped-to-kenya","status":"publish","type":"page","link":"https:\/\/yogurt-machines.com\/fr\/300ml-yogurt-production-line-shipped-to-kenya\/","title":{"rendered":"Ligne de production de yaourt 300ml exp\u00e9di\u00e9e au Kenya"},"content":{"rendered":"<p class=\"translation-block\">Notre entreprise exporte principalement des lignes de production de yaourt petit format de 200-500 ml. Gr\u00e2ce \u00e0 un travail d&apos;accumulation sur le long terme, nous avons export\u00e9 vers le Kenya, l&apos;Afrique du Sud, le Nigeria, le Pakistan, et d&apos;autres endroits, et nous avons \u00e9t\u00e9 bien accueillis par les clients. Nous venons d&apos;exporter une <a href=\"https:\/\/yogurt-machines.com\/fr\/200-500l-yogurt-production-line-yogurt-making-machine\/\">ligne de production de yaourt de 300 ml<\/a> vers le Kenya.<\/p>    <h2 class=\"wp-block-heading\">Comment cr\u00e9er une usine de yaourts ?<\/h2>    <p>De nombreuses personnes souhaitent se lancer dans la production de yaourts, mais ne savent pas comment commencer. Si vous disposez d\u00e9j\u00e0 d'une co-usine, vous devez commencer \u00e0 choisir les machines. Le choix d'une machine \u00e0 grand rendement d\u00e9pend de la taille et du capital de l'usine. Si c'est le cas, pour la premi\u00e8re entreprise de production de yaourt, il est pr\u00e9f\u00e9rable de choisir une ligne de production de yaourt de petit volume pour essayer. Une ligne de production de yaourt de 200 \u00e0 500 ml convient parfaitement.<\/p>    <figure class=\"wp-block-image size-full\"><img loading=\"lazy\" decoding=\"async\" width=\"750\" height=\"604\" src=\"https:\/\/yogurt-machines.com\/wp-content\/uploads\/2021\/10\/yogurt-production.jpg\" alt=\"ligne de production de yaourt\" class=\"wp-image-1669\" title=\"\"><\/figure>    <h2 class=\"wp-block-heading\" id=\"h-what-machines-are-used-to-make-yogurt\">Quelles sont les machines utilis\u00e9es pour fabriquer le yaourt ?<\/h2>    <p>Quelle est la machine n\u00e9cessaire \u00e0 la production de yaourt ? Le processus de transformation du yaourt comporte de nombreuses proc\u00e9dures. En outre, il existe des diff\u00e9rences entre les machines utilis\u00e9es pour produire du yaourt en choisissant du lait frais ou du lait en poudre. Par cons\u00e9quent, vous devez d'abord d\u00e9terminer quelles sont les mati\u00e8res premi\u00e8res avant la production. Si vous souhaitez utiliser du lait en poudre pour la production, vous n'avez pas besoin d'acheter des cuves de r\u00e9frig\u00e9ration. Par contre, si vous voulez utiliser du lait frais pour la production, vous devez utiliser un r\u00e9servoir de r\u00e9frig\u00e9ration.<\/p>    <h2 class=\"wp-block-heading\">Comment choisir une ligne de production de yaourt<\/h2>    <p>Il existe de nombreuses machines \u00e0 fabriquer du yaourt sur le march\u00e9, et les prix sont \u00e9galement tr\u00e8s diff\u00e9rents. Lors de l'achat d'une ligne de production de yaourt, outre les sp\u00e9cifications et les dimensions de la machine de production de yaourt, il est plus important encore de pr\u00eater attention au mat\u00e9riau de la ligne de production de yaourt. Essayez de choisir un mat\u00e9riau en acier inoxydable, car le yaourt est souvent expos\u00e9 \u00e0 des liquides et est plus enclin \u00e0 la rouille, le mat\u00e9riau en acier inoxydable est donc tr\u00e8s important.<\/p>    <h2 class=\"wp-block-heading\">Profil de l'entreprise<\/h2>    <p>Nous sommes engag\u00e9s dans les machines \u00e0 yaourt depuis de nombreuses ann\u00e9es et poss\u00e9dons une riche exp\u00e9rience. Nous les vendons aux clients aux prix les plus bas \u00e0 l'exportation. Il existe de nombreuses usines qui produisent du yaourt. Ils ach\u00e8teront nos machines \u00e0 plusieurs reprises car nous pouvons r\u00e9soudre le probl\u00e8me de Hu Ke \u00e0 temps. Sophistiqu\u00e9.<\/p>    <figure class=\"wp-block-image size-full\"><img loading=\"lazy\" decoding=\"async\" width=\"750\" height=\"736\" src=\"https:\/\/yogurt-machines.com\/wp-content\/uploads\/2021\/10\/yogurt-production-line-company.jpg\" alt=\"ligne de production de yaourt\" class=\"wp-image-1670\" title=\"\"><\/figure>","protected":false},"excerpt":{"rendered":"<p class=\"translation-block\">Notre entreprise exporte principalement des lignes de production de yaourt de petite taille de 200 \u00e0 500 ml. Gr\u00e2ce \u00e0 une accumulation \u00e0 long terme, nous avons export\u00e9 au Kenya, en Afrique du Sud, au Nigeria, au Pakistan et dans d'autres r\u00e9gions, et avons \u00e9t\u00e9 bien \u2026 <a title=\"300ml Yogurt Production Line Shipped to Kenya\" class=\"read-more\" href=\"https:\/\/yogurt-machines.com\/fr\/300ml-yogurt-production-line-shipped-to-kenya\/\" aria-label=\"En savoir plus sur 300ml Yogurt Production Line Shipped to Kenya\">\u2026<\/a><\/p>","protected":false},"author":1,"featured_media":1667,"parent":0,"menu_order":0,"comment_status":"open","ping_status":"closed","template":"","meta":{"footnotes":""},"class_list":["post-1665","page","type-page","status-publish","has-post-thumbnail"],"_links":{"self":[{"href":"https:\/\/yogurt-machines.com\/fr\/wp-json\/wp\/v2\/pages\/1665","targetHints":{"allow":["GET"]}}],"collection":[{"href":"https:\/\/yogurt-machines.com\/fr\/wp-json\/wp\/v2\/pages"}],"about":[{"href":"https:\/\/yogurt-machines.com\/fr\/wp-json\/wp\/v2\/types\/page"}],"author":[{"embeddable":true,"href":"https:\/\/yogurt-machines.com\/fr\/wp-json\/wp\/v2\/users\/1"}],"replies":[{"embeddable":true,"href":"https:\/\/yogurt-machines.com\/fr\/wp-json\/wp\/v2\/comments?post=1665"}],"version-history":[{"count":0,"href":"https:\/\/yogurt-machines.com\/fr\/wp-json\/wp\/v2\/pages\/1665\/revisions"}],"wp:featuredmedia":[{"embeddable":true,"href":"https:\/\/yogurt-machines.com\/fr\/wp-json\/wp\/v2\/media\/1667"}],"wp:attachment":[{"href":"https:\/\/yogurt-machines.com\/fr\/wp-json\/wp\/v2\/media?parent=1665"}],"curies":[{"name":"wp","href":"https:\/\/api.w.org\/{rel}","templated":true}]}}