{"id":21,"date":"2019-11-20T09:23:24","date_gmt":"2019-11-20T09:23:24","guid":{"rendered":"http:\/\/yogurt-machines.com\/?page_id=21"},"modified":"2021-03-01T10:56:17","modified_gmt":"2021-03-01T02:56:17","slug":"taizy-yogurt-machinery","status":"publish","type":"page","link":"https:\/\/yogurt-machines.com\/fr\/","title":{"rendered":"Machines \u00e0 yaourt Taizy"},"content":{"rendered":"<div class=\"wp-block-columns is-layout-flex wp-container-core-columns-is-layout-9d6595d7 wp-block-columns-is-layout-flex\"> <div class=\"wp-block-column is-layout-flow wp-block-column-is-layout-flow\"> <h2 class=\"has-text-align-center wp-block-heading\" id=\"h-company-profile\"> <strong>Profil de l'entreprise<\/strong> <\/h2>    <div class=\"wp-block-image\"><figure class=\"aligncenter size-large is-resized\"><img loading=\"lazy\" decoding=\"async\" src=\"https:\/\/yogurt-machines.com\/wp-content\/uploads\/2019\/11\/org_underline2.png\" alt=\"\" class=\"wp-image-251\" width=\"154\" height=\"4\" title=\"\" srcset=\"https:\/\/yogurt-machines.com\/wp-content\/uploads\/2019\/11\/org_underline2.png 154w, https:\/\/yogurt-machines.com\/wp-content\/uploads\/2019\/11\/org_underline2-150x4.png 150w\" sizes=\"auto, (max-width: 154px) 100vw, 154px\" \/><\/figure><\/div>    <p class=\"has-text-align-center\"> Zhengzhou Taizy Machinery Co. est un fabricant leader de machines \u00e0 yaourt en Chine. Nous int\u00e9grons la production, la conception, l'installation et l'assemblage comme un tout et fournissons les meilleurs services \u00e0 nos clients. Les machines \u00e0 yaourt que nous produisons ont une excellente efficacit\u00e9 de travail et nous pouvons personnaliser la capacit\u00e9 que vous voulez en fonction de votre demande.<\/p> <\/div>    <div class=\"wp-block-column shadow is-layout-flow wp-block-column-is-layout-flow\"> <figure class=\"wp-block-image size-large\"><img loading=\"lazy\" decoding=\"async\" width=\"1024\" height=\"652\" src=\"https:\/\/yogurt-machines.com\/wp-content\/uploads\/2019\/12\/factory-1024x652.jpg\" alt=\"\" class=\"wp-image-387\" title=\"\" srcset=\"https:\/\/yogurt-machines.com\/wp-content\/uploads\/2019\/12\/factory-1024x652.jpg 1024w, https:\/\/yogurt-machines.com\/wp-content\/uploads\/2019\/12\/factory-300x191.jpg 300w, https:\/\/yogurt-machines.com\/wp-content\/uploads\/2019\/12\/factory-768x489.jpg 768w, https:\/\/yogurt-machines.com\/wp-content\/uploads\/2019\/12\/factory.jpg 1156w\" sizes=\"auto, (max-width: 1024px) 100vw, 1024px\" \/><\/figure> <\/div> <\/div>    <div class=\"bg\">    <div class=\"wp-block-columns is-layout-flex wp-container-core-columns-is-layout-9d6595d7 wp-block-columns-is-layout-flex\"> <div class=\"wp-block-column is-layout-flow wp-block-column-is-layout-flow\"> <figure class=\"wp-block-image size-large\"><img loading=\"lazy\" decoding=\"async\" width=\"750\" height=\"608\" src=\"https:\/\/yogurt-machines.com\/wp-content\/uploads\/2019\/12\/certificate-11.jpg\" alt=\"\" class=\"wp-image-389\" title=\"\" srcset=\"https:\/\/yogurt-machines.com\/wp-content\/uploads\/2019\/12\/certificate-11.jpg 750w, https:\/\/yogurt-machines.com\/wp-content\/uploads\/2019\/12\/certificate-11-300x243.jpg 300w\" sizes=\"auto, (max-width: 750px) 100vw, 750px\" \/><\/figure> <\/div>    <div class=\"wp-block-column text is-layout-flow wp-block-column-is-layout-flow\"> <h2 class=\"has-text-align-center wp-block-heading\" id=\"h-authorized-certificates\"> Certificats autoris\u00e9s <\/h2>    <p class=\"has-text-align-center\"> Les machines de traitement du yaourt Taizy ont \u00e9t\u00e9 vendues dans de nombreux pays et ont re\u00e7u de bons commentaires de la part des clients. Les \u00e9changes et la coop\u00e9ration \u00e0 long terme avec les pays d'outre-mer permettent au yaourt Taizy de suivre le rythme du temps et de gagner de vastes march\u00e9s internationaux.<\/p> <\/div> <\/div>    <\/div>    <h2 class=\"has-text-align-center wp-block-heading\" id=\"h-our-products\"><strong> Nos produits <\/strong><\/h2>    <div class=\"wp-block-image\"><figure class=\"aligncenter size-large\"><img loading=\"lazy\" decoding=\"async\" width=\"154\" height=\"4\" src=\"https:\/\/yogurt-machines.com\/wp-content\/uploads\/2019\/11\/org_underline2.png\" alt=\"\" class=\"wp-image-251\" title=\"\" srcset=\"https:\/\/yogurt-machines.com\/wp-content\/uploads\/2019\/11\/org_underline2.png 154w, https:\/\/yogurt-machines.com\/wp-content\/uploads\/2019\/11\/org_underline2-150x4.png 150w\" sizes=\"auto, (max-width: 154px) 100vw, 154px\" \/><\/figure><\/div>    <div class=\"pt-cv-wrapper\"><div class=\"pt-cv-view pt-cv-grid pt-cv-colsys\" id=\"pt-cv-view-4b1fdda17f\"><div data-id=\"pt-cv-page-1\" class=\"pt-cv-page\" data-cvc=\"3\"><div class=\"col-md-4 col-sm-6 col-xs-12 pt-cv-content-item pt-cv-1-col\"  data-pid=\"7960\"><div class='pt-cv-ifield'><a href=\"https:\/\/yogurt-machines.com\/fr\/reconstituted-milk-yogurt-production-line\/\" class=\"_self pt-cv-href-thumbnail pt-cv-thumb-default cvplbd\" target=\"_self\" ><img loading=\"lazy\" decoding=\"async\" width=\"720\" height=\"540\" src=\"https:\/\/yogurt-machines.com\/wp-content\/uploads\/2026\/03\/reconstituted-milk-yogurt-production-line.webp\" class=\"pt-cv-thumbnail img-none\" alt=\"Ligne de production de yaourt au lait reconstitu\u00e9\" srcset=\"https:\/\/yogurt-machines.com\/wp-content\/uploads\/2026\/03\/reconstituted-milk-yogurt-production-line.webp 720w, https:\/\/yogurt-machines.com\/wp-content\/uploads\/2026\/03\/reconstituted-milk-yogurt-production-line-16x12.webp 16w\" sizes=\"auto, (max-width: 720px) 100vw, 720px\" title=\"\"><\/a> <h4 class=\"pt-cv-title\"><a href=\"https:\/\/yogurt-machines.com\/fr\/reconstituted-milk-yogurt-production-line\/\" class=\"_self cvplbd\" target=\"_self\" >Ligne de production de yaourt au lait reconstitu\u00e9<\/a><\/h4> <div class=\"pt-cv-content\">Guide complet de la ligne de production de yaourt \u00e0 partir de lait en poudre pour la production de yaourt \u00e0 petite \u00e9chelle. Inclut une analyse des co\u00fbts, les sp\u00e9cifications de l'\u00e9quipement, et ...<br \/><div class=\"pt-cv-rmwrap\"><a href=\"https:\/\/yogurt-machines.com\/fr\/reconstituted-milk-yogurt-production-line\/\" class=\"_self pt-cv-readmore btn btn-success cvplbd\" target=\"_self\">Lire la suite<\/a><\/div><\/div><\/div><\/div> <div class=\"col-md-4 col-sm-6 col-xs-12 pt-cv-content-item pt-cv-1-col\"  data-pid=\"7924\"><div class='pt-cv-ifield'><a href=\"https:\/\/yogurt-machines.com\/fr\/yogurt-machine-maintenance-guide\/\" class=\"_self pt-cv-href-thumbnail pt-cv-thumb-default cvplbd\" target=\"_self\" ><img loading=\"lazy\" decoding=\"async\" width=\"720\" height=\"540\" src=\"https:\/\/yogurt-machines.com\/wp-content\/uploads\/2026\/03\/yogurt-machine-maintenance.webp\" class=\"pt-cv-thumbnail img-none\" alt=\"Entretien de la machine \u00e0 yaourt\" srcset=\"https:\/\/yogurt-machines.com\/wp-content\/uploads\/2026\/03\/yogurt-machine-maintenance.webp 720w, https:\/\/yogurt-machines.com\/wp-content\/uploads\/2026\/03\/yogurt-machine-maintenance-16x12.webp 16w\" sizes=\"auto, (max-width: 720px) 100vw, 720px\" title=\"\"><\/a> <h4 class=\"pt-cv-title\"><a href=\"https:\/\/yogurt-machines.com\/fr\/yogurt-machine-maintenance-guide\/\" class=\"_self cvplbd\" target=\"_self\" >Guide complet d'entretien de la machine \u00e0 yaourt : Prolongez la dur\u00e9e de vie de l'\u00e9quipement<\/a><\/h4> <div class=\"pt-cv-content\">Guide complet de l'entretien de la machine \u00e0 yaourt. Programmes d'entretien quotidiens, hebdomadaires, mensuels. Proc\u00e9dures de nettoyage CIP, d\u00e9pannage des probl\u00e8mes courants. Prolongez la dur\u00e9e de vie de l'\u00e9quipement par ...<br \/><div class=\"pt-cv-rmwrap\"><a href=\"https:\/\/yogurt-machines.com\/fr\/yogurt-machine-maintenance-guide\/\" class=\"_self pt-cv-readmore btn btn-success cvplbd\" target=\"_self\">Lire la suite<\/a><\/div><\/div><\/div><\/div> <div class=\"col-md-4 col-sm-6 col-xs-12 pt-cv-content-item pt-cv-1-col\"  data-pid=\"7849\"><div class='pt-cv-ifield'><a href=\"https:\/\/yogurt-machines.com\/fr\/kenyan-client-inspect-yogurt-producing-machine-factory\/\" class=\"_self pt-cv-href-thumbnail pt-cv-thumb-default cvplbd\" target=\"_self\" ><img loading=\"lazy\" decoding=\"async\" width=\"720\" height=\"540\" src=\"https:\/\/yogurt-machines.com\/wp-content\/uploads\/2026\/02\/customers-and-our-professional-sales.webp\" class=\"pt-cv-thumbnail img-none\" alt=\"clients et notre \u00e9quipe de vente professionnelle\" srcset=\"https:\/\/yogurt-machines.com\/wp-content\/uploads\/2026\/02\/customers-and-our-professional-sales.webp 720w, https:\/\/yogurt-machines.com\/wp-content\/uploads\/2026\/02\/customers-and-our-professional-sales-16x12.webp 16w\" sizes=\"auto, (max-width: 720px) 100vw, 720px\" title=\"\"><\/a> <h4 class=\"pt-cv-title\"><a href=\"https:\/\/yogurt-machines.com\/fr\/kenyan-client-inspect-yogurt-producing-machine-factory\/\" class=\"_self cvplbd\" target=\"_self\" >Le client k\u00e9nyan inspecte la machine \u00e0 yaourt \u00e0 l\u2019usine<\/a><\/h4> <div class=\"pt-cv-content\">Un client k\u00e9nyan a visit\u00e9 notre usine pour inspecter sa ligne de production de machine \u00e0 yaourt personnalis\u00e9e de 1000L. Apr\u00e8s avoir assist\u00e9 \u00e0 l'essai complet ...<br \/><div class=\"pt-cv-rmwrap\"><a href=\"https:\/\/yogurt-machines.com\/fr\/kenyan-client-inspect-yogurt-producing-machine-factory\/\" class=\"_self pt-cv-readmore btn btn-success cvplbd\" target=\"_self\">Lire la suite<\/a><\/div><\/div><\/div><\/div> <div class=\"col-md-4 col-sm-6 col-xs-12 pt-cv-content-item pt-cv-1-col\"  data-pid=\"7819\"><div class='pt-cv-ifield'><a href=\"https:\/\/yogurt-machines.com\/fr\/yogurt-filling-sealing-machine-buying-guide\/\" class=\"_self pt-cv-href-thumbnail pt-cv-thumb-default cvplbd\" target=\"_self\" ><img loading=\"lazy\" decoding=\"async\" width=\"720\" height=\"540\" src=\"https:\/\/yogurt-machines.com\/wp-content\/uploads\/2026\/01\/linear-yogurt-filling-sealing-machine.webp\" class=\"pt-cv-thumbnail img-none\" alt=\"Machine lin\u00e9aire de remplissage et de scellement de yaourt\" srcset=\"https:\/\/yogurt-machines.com\/wp-content\/uploads\/2026\/01\/linear-yogurt-filling-sealing-machine.webp 720w, https:\/\/yogurt-machines.com\/wp-content\/uploads\/2026\/01\/linear-yogurt-filling-sealing-machine-16x12.webp 16w\" sizes=\"auto, (max-width: 720px) 100vw, 720px\" title=\"\"><\/a> <h4 class=\"pt-cv-title\"><a href=\"https:\/\/yogurt-machines.com\/fr\/yogurt-filling-sealing-machine-buying-guide\/\" class=\"_self cvplbd\" target=\"_self\" >Guide d'achat de la machine de remplissage et de scellage de yaourt<\/a><\/h4> <div class=\"pt-cv-content\">Ce guide d'achat expliquera comment choisir la bonne machine de remplissage et de scellage de yaourt, y compris le type de machine, la compatibilit\u00e9 avec la taille des gobelets, ...<br \/><div class=\"pt-cv-rmwrap\"><a href=\"https:\/\/yogurt-machines.com\/fr\/yogurt-filling-sealing-machine-buying-guide\/\" class=\"_self pt-cv-readmore btn btn-success cvplbd\" target=\"_self\">Lire la suite<\/a><\/div><\/div><\/div><\/div> <div class=\"col-md-4 col-sm-6 col-xs-12 pt-cv-content-item pt-cv-1-col\"  data-pid=\"7785\"><div class='pt-cv-ifield'><a href=\"https:\/\/yogurt-machines.com\/fr\/faq-about-commercial-yogurt-maker\/\" class=\"_self pt-cv-href-thumbnail pt-cv-thumb-default cvplbd\" target=\"_self\" ><img loading=\"lazy\" decoding=\"async\" width=\"720\" height=\"540\" src=\"https:\/\/yogurt-machines.com\/wp-content\/uploads\/2026\/01\/commercial-yogurt-maker.webp\" class=\"pt-cv-thumbnail img-none\" alt=\"Machine \u00e0 yaourt commerciale\" srcset=\"https:\/\/yogurt-machines.com\/wp-content\/uploads\/2026\/01\/commercial-yogurt-maker.webp 720w, https:\/\/yogurt-machines.com\/wp-content\/uploads\/2026\/01\/commercial-yogurt-maker-16x12.webp 16w\" sizes=\"auto, (max-width: 720px) 100vw, 720px\" title=\"\"><\/a> <h4 class=\"pt-cv-title\"><a href=\"https:\/\/yogurt-machines.com\/fr\/faq-about-commercial-yogurt-maker\/\" class=\"_self cvplbd\" target=\"_self\" >FAQ sur le yaourt commercial<\/a><\/h4> <div class=\"pt-cv-content\">Cet article r\u00e9pond aux questions les plus fr\u00e9quemment pos\u00e9es par les clients avant l'achat, y compris des aspects tels que la capacit\u00e9, le contr\u00f4le de la fermentation, le nettoyage, ...<br \/><div class=\"pt-cv-rmwrap\"><a href=\"https:\/\/yogurt-machines.com\/fr\/faq-about-commercial-yogurt-maker\/\" class=\"_self pt-cv-readmore btn btn-success cvplbd\" target=\"_self\">Lire la suite<\/a><\/div><\/div><\/div><\/div> <div class=\"col-md-4 col-sm-6 col-xs-12 pt-cv-content-item pt-cv-1-col\"  data-pid=\"7718\"><div class='pt-cv-ifield'><a href=\"https:\/\/yogurt-machines.com\/fr\/homogenizer-machine-for-dairy-food-processing\/\" class=\"_self pt-cv-href-thumbnail pt-cv-thumb-default cvplbd\" target=\"_self\" ><img loading=\"lazy\" decoding=\"async\" width=\"720\" height=\"540\" src=\"https:\/\/yogurt-machines.com\/wp-content\/uploads\/2025\/11\/automatic-homogenizer-machine.webp\" class=\"pt-cv-thumbnail img-none\" alt=\"Machine d&#039;homog\u00e9n\u00e9isation automatique\" srcset=\"https:\/\/yogurt-machines.com\/wp-content\/uploads\/2025\/11\/automatic-homogenizer-machine.webp 720w, https:\/\/yogurt-machines.com\/wp-content\/uploads\/2025\/11\/automatic-homogenizer-machine-16x12.webp 16w\" sizes=\"auto, (max-width: 720px) 100vw, 720px\" title=\"\"><\/a> <h4 class=\"pt-cv-title\"><a href=\"https:\/\/yogurt-machines.com\/fr\/homogenizer-machine-for-dairy-food-processing\/\" class=\"_self cvplbd\" target=\"_self\" >Machine \u00e0 homog\u00e9n\u00e9iser pour la transformation laiti\u00e8re et du yaourt<\/a><\/h4> <div class=\"pt-cv-content\">L'homog\u00e9n\u00e9iseur Taizy offre une capacit\u00e9 flexible, allant de 100 \u00e0 2000 L\/h, am\u00e9liorant consid\u00e9rablement la qualit\u00e9 du produit en produisant une texture plus fine, plus blanche et plus stable ...<br \/><div class=\"pt-cv-rmwrap\"><a href=\"https:\/\/yogurt-machines.com\/fr\/homogenizer-machine-for-dairy-food-processing\/\" class=\"_self pt-cv-readmore btn btn-success cvplbd\" target=\"_self\">Lire la suite<\/a><\/div><\/div><\/div><\/div><\/div><\/div><\/div>\t\t\t<style type=\"text\/css\" id=\"pt-cv-inline-style-11844906i4\">#pt-cv-view-4b1fdda17f .pt-cv-title a, #pt-cv-view-4b1fdda17f  .panel-title { font-weight: 600 !important; } #pt-cv-view-4b1fdda17f .pt-cv-readmore  { color: #ffffff !important; background-color: #00aeef !important; } #pt-cv-view-4b1fdda17f .pt-cv-readmore:hover  { color: #ffffff !important; background-color: #00aeef !important; }<\/style>  \t\t\t    <h2 class=\"has-text-align-center wp-block-heading\" id=\"h-our-service\"><strong>Notre service <\/strong><\/h2>    <div class=\"wp-block-image\"><figure class=\"aligncenter size-large\"><img loading=\"lazy\" decoding=\"async\" width=\"154\" height=\"4\" src=\"https:\/\/yogurt-machines.com\/wp-content\/uploads\/2019\/11\/org_underline2.png\" alt=\"\" class=\"wp-image-251\" title=\"\" srcset=\"https:\/\/yogurt-machines.com\/wp-content\/uploads\/2019\/11\/org_underline2.png 154w, https:\/\/yogurt-machines.com\/wp-content\/uploads\/2019\/11\/org_underline2-150x4.png 150w\" sizes=\"auto, (max-width: 154px) 100vw, 154px\" \/><\/figure><\/div>    <div class=\"wp-block-columns three-text is-layout-flex wp-container-core-columns-is-layout-9d6595d7 wp-block-columns-is-layout-flex\"> <div class=\"wp-block-column is-layout-flow wp-block-column-is-layout-flow\"> <div class=\"wp-block-image is-style-circle-mask\"><figure class=\"aligncenter size-large\"><img loading=\"lazy\" decoding=\"async\" width=\"88\" height=\"70\" src=\"https:\/\/yogurt-machines.com\/wp-content\/uploads\/2019\/11\/tools.png\" alt=\"\" class=\"wp-image-112\" title=\"\"><\/figure><\/div>    <p class=\"has-text-align-center\">Personnalisation. La capacit\u00e9 des machines de traitement du yaourt de Taizy varie de 200L \u00e0 5T, et nous personnaliserons les lignes appropri\u00e9es pour vous en fonction de vos besoins.<\/p> <\/div>    <div class=\"wp-block-column is-layout-flow wp-block-column-is-layout-flow\"> <div class=\"wp-block-image is-style-circle-mask\"><figure class=\"aligncenter size-large\"><img loading=\"lazy\" decoding=\"async\" width=\"88\" height=\"70\" src=\"https:\/\/yogurt-machines.com\/wp-content\/uploads\/2019\/11\/tools.png\" alt=\"\" class=\"wp-image-112\" title=\"\"><\/figure><\/div>    <p class=\"has-text-align-center\"> Formation professionnelle. Ne vous pr\u00e9occupez pas de l'installation et de l'utilisation de la machine, nos techniciens sont l\u00e0 pour vous aider.<\/p> <\/div>    <div class=\"wp-block-column is-layout-flow wp-block-column-is-layout-flow\"> <div class=\"wp-block-image is-style-circle-mask\"><figure class=\"aligncenter size-large\"><img loading=\"lazy\" decoding=\"async\" width=\"88\" height=\"70\" src=\"https:\/\/yogurt-machines.com\/wp-content\/uploads\/2019\/11\/tools.png\" alt=\"\" class=\"wp-image-112\" title=\"\"><\/figure><\/div>    <p class=\"has-text-align-center\">Analyse de rentabilit\u00e9. Comment gagner de l'argent ? Quand pourrez-vous r\u00e9cup\u00e9rer l'argent investi ? Nous \u00e9laborons un plan parfait sur la base du march\u00e9 local.<\/p> <\/div> <\/div>    <p><\/p>","protected":false},"excerpt":{"rendered":"<p class=\"translation-block\">[\"Company Profile Zhengzhou Taizy Machinery Co., Ltd\u00a0is a top-leading yogurt processing machine manufacturer in China, and we integrate production, design, installation and assembly as a whole, providing best \u2026 <a title=\"Taizy Yogurt Machinery\" class=\"read-more\" href=\"https:\/\/yogurt-machines.com\/fr\/\" aria-label=\"En savoir plus sur Taizy Yogurt Machinery\">\u2026<\/a>\"]}]}} *\/} }{<\/p>","protected":false},"author":1,"featured_media":0,"parent":0,"menu_order":0,"comment_status":"closed","ping_status":"closed","template":"","meta":{"footnotes":""},"class_list":["post-21","page","type-page","status-publish"],"_links":{"self":[{"href":"https:\/\/yogurt-machines.com\/fr\/wp-json\/wp\/v2\/pages\/21","targetHints":{"allow":["GET"]}}],"collection":[{"href":"https:\/\/yogurt-machines.com\/fr\/wp-json\/wp\/v2\/pages"}],"about":[{"href":"https:\/\/yogurt-machines.com\/fr\/wp-json\/wp\/v2\/types\/page"}],"author":[{"embeddable":true,"href":"https:\/\/yogurt-machines.com\/fr\/wp-json\/wp\/v2\/users\/1"}],"replies":[{"embeddable":true,"href":"https:\/\/yogurt-machines.com\/fr\/wp-json\/wp\/v2\/comments?post=21"}],"version-history":[{"count":0,"href":"https:\/\/yogurt-machines.com\/fr\/wp-json\/wp\/v2\/pages\/21\/revisions"}],"wp:attachment":[{"href":"https:\/\/yogurt-machines.com\/fr\/wp-json\/wp\/v2\/media?parent=21"}],"curies":[{"name":"wp","href":"https:\/\/api.w.org\/{rel}","templated":true}]}}