{"id":9,"date":"2019-11-20T08:56:35","date_gmt":"2019-11-20T08:56:35","guid":{"rendered":"http:\/\/yogurt-machines.com\/?page_id=9"},"modified":"2019-12-06T08:31:51","modified_gmt":"2019-12-06T00:31:51","slug":"about-us","status":"publish","type":"page","link":"https:\/\/yogurt-machines.com\/fr\/about-us\/","title":{"rendered":"A propos de nous"},"content":{"rendered":"<figure class=\"wp-block-image size-large\"><img loading=\"lazy\" decoding=\"async\" width=\"87\" height=\"6\" src=\"https:\/\/yogurt-machines.com\/wp-content\/uploads\/2019\/11\/theme-title.png\" alt=\"\" class=\"wp-image-287\" title=\"\"><\/figure>    <h2 class=\"has-text-align-center wp-block-heading\"> Taizy Machinery Co. Ltd. <\/h2>    <p>Apr\u00e8s plus de 10 ans d'exploration acharn\u00e9e, Taizy machinery a mis en place un syst\u00e8me de service complet et efficace et cr\u00e9\u00e9 une \u00e9quipe de vente exp\u00e9riment\u00e9e. Nous ne nous contentons pas de fournir aux clients des plans d'usine, des organigrammes et des analyses de rentabilit\u00e9, mais nous envoyons des ing\u00e9nieurs \u00e0 l'\u00e9tranger pour former et guider les travailleurs, en les aidant \u00e0 utiliser les machines. Cette d\u00e9marche nous a valu de nombreux \u00e9loges de la part des clients. Une bonne cr\u00e9dibilit\u00e9, une excellente qualit\u00e9 et un service de qualit\u00e9 sont nos objectifs constants. Nous esp\u00e9rons pouvoir contribuer au d\u00e9veloppement et \u00e0 la prosp\u00e9rit\u00e9 des machines de transformation du yaourt gr\u00e2ce \u00e0 nos efforts inlassables.<\/p>    <figure class=\"wp-block-image size-large\"><img loading=\"lazy\" decoding=\"async\" width=\"960\" height=\"724\" src=\"https:\/\/yogurt-machines.com\/wp-content\/uploads\/2019\/11\/company.jpg\" alt=\"\" class=\"wp-image-331\" title=\"\" srcset=\"https:\/\/yogurt-machines.com\/wp-content\/uploads\/2019\/11\/company.jpg 960w, https:\/\/yogurt-machines.com\/wp-content\/uploads\/2019\/11\/company-300x226.jpg 300w, https:\/\/yogurt-machines.com\/wp-content\/uploads\/2019\/11\/company-768x579.jpg 768w\" sizes=\"auto, (max-width: 960px) 100vw, 960px\" \/><\/figure>    <h2 class=\"has-text-align-center wp-block-heading\">Notre service<\/h2>    <ol class=\"wp-block-list\"><li>Personnalisation. La capacit\u00e9 des machines de traitement du yaourt de Taizy varie de 200L \u00e0 5T, et nous personnaliserons les lignes appropri\u00e9es pour vous en fonction de vos besoins.<\/li><li>Formation professionnelle. Ne vous pr\u00e9occupez pas de l'installation et de l'utilisation de la machine, nos techniciens sont l\u00e0 pour vous aider.<\/li><li>Analyse de rentabilit\u00e9. Comment gagner de l'argent ? Quand pourrez-vous r\u00e9cup\u00e9rer l'argent investi ? Nous \u00e9laborerons un plan parfait sur la base du march\u00e9 local.<\/li><\/ol>    <figure class=\"wp-block-image size-large\"><img loading=\"lazy\" decoding=\"async\" width=\"1024\" height=\"768\" src=\"https:\/\/yogurt-machines.com\/wp-content\/uploads\/2019\/11\/yogurt-machines-1024x768.jpg\" alt=\"\" class=\"wp-image-364\" title=\"\" srcset=\"https:\/\/yogurt-machines.com\/wp-content\/uploads\/2019\/11\/yogurt-machines-1024x768.jpg 1024w, https:\/\/yogurt-machines.com\/wp-content\/uploads\/2019\/11\/yogurt-machines-300x225.jpg 300w, https:\/\/yogurt-machines.com\/wp-content\/uploads\/2019\/11\/yogurt-machines-768x576.jpg 768w, https:\/\/yogurt-machines.com\/wp-content\/uploads\/2019\/11\/yogurt-machines-1536x1152.jpg 1536w, https:\/\/yogurt-machines.com\/wp-content\/uploads\/2019\/11\/yogurt-machines-2048x1536.jpg 2048w\" sizes=\"auto, (max-width: 1024px) 100vw, 1024px\" \/><\/figure>","protected":false},"excerpt":{"rendered":"<p class=\"translation-block\">Taizy Machinery Co., Ltd. Apr\u00e8s plus de 10 ans d'exploration acharn\u00e9e, Taizy Machinery a \u00e9tabli un syst\u00e8me de service complet et efficace et a cr\u00e9\u00e9 une \u00e9quipe de vente exp\u00e9riment\u00e9e. Nous fournissons non seulement... <a title=\"About Us\" class=\"read-more\" href=\"https:\/\/yogurt-machines.com\/fr\/about-us\/\" aria-label=\"En savoir plus sur About Us\">\u2026<\/a><\/p>","protected":false},"author":1,"featured_media":0,"parent":0,"menu_order":0,"comment_status":"closed","ping_status":"closed","template":"","meta":{"footnotes":""},"class_list":["post-9","page","type-page","status-publish"],"_links":{"self":[{"href":"https:\/\/yogurt-machines.com\/fr\/wp-json\/wp\/v2\/pages\/9","targetHints":{"allow":["GET"]}}],"collection":[{"href":"https:\/\/yogurt-machines.com\/fr\/wp-json\/wp\/v2\/pages"}],"about":[{"href":"https:\/\/yogurt-machines.com\/fr\/wp-json\/wp\/v2\/types\/page"}],"author":[{"embeddable":true,"href":"https:\/\/yogurt-machines.com\/fr\/wp-json\/wp\/v2\/users\/1"}],"replies":[{"embeddable":true,"href":"https:\/\/yogurt-machines.com\/fr\/wp-json\/wp\/v2\/comments?post=9"}],"version-history":[{"count":0,"href":"https:\/\/yogurt-machines.com\/fr\/wp-json\/wp\/v2\/pages\/9\/revisions"}],"wp:attachment":[{"href":"https:\/\/yogurt-machines.com\/fr\/wp-json\/wp\/v2\/media?parent=9"}],"curies":[{"name":"wp","href":"https:\/\/api.w.org\/{rel}","templated":true}]}}