{"id":1665,"date":"2021-10-22T17:00:33","date_gmt":"2021-10-22T09:00:33","guid":{"rendered":"https:\/\/yogurt-machines.com\/?page_id=1665"},"modified":"2021-10-22T17:05:10","modified_gmt":"2021-10-22T09:05:10","slug":"300ml-yogurt-production-line-shipped-to-kenya","status":"publish","type":"page","link":"https:\/\/yogurt-machines.com\/pt\/300ml-yogurt-production-line-shipped-to-kenya\/","title":{"rendered":"Linha de produ\u00e7\u00e3o de iogurte de 300ml enviada para o Qu\u00eania"},"content":{"rendered":"<p class=\"translation-block\">A nossa empresa exporta principalmente linhas de produ\u00e7\u00e3o de iogurte pequenas de 200-500ml. Atrav\u00e9s de acumula\u00e7\u00e3o a longo prazo, export\u00e1mos para o Qu\u00e9nia, \u00c1frica do Sul, Nig\u00e9ria, Paquist\u00e3o e outros locais, e fomos bem recebidos pelos clientes. Acab\u00e1mos de exportar uma<a href=\"https:\/\/yogurt-machines.com\/pt\/200-500l-yogurt-production-line-yogurt-making-machine\/\"> linha de produ\u00e7\u00e3o de iogurte de 300ml<\/a> para o Qu\u00e9nia.<\/p>    <h2 class=\"wp-block-heading\">Como voc\u00ea abre uma f\u00e1brica de iogurte?<\/h2>    <p>Tem muita gente que quer iniciar o neg\u00f3cio de produ\u00e7\u00e3o de iogurte, mas n\u00e3o sabe como come\u00e7ar. Se voc\u00ea j\u00e1 possui uma co-f\u00e1brica, precisa come\u00e7ar a escolher as m\u00e1quinas. A escolha de uma m\u00e1quina com grande produ\u00e7\u00e3o depende do tamanho e do capital da f\u00e1brica. Nesse caso, para o primeiro neg\u00f3cio de produ\u00e7\u00e3o de iogurte, \u00e9 melhor escolher uma linha de produ\u00e7\u00e3o de iogurte de pequeno volume para experimentar. Uma linha de produ\u00e7\u00e3o de iogurte de 200-500ml \u00e9 ideal.<\/p>    <figure class=\"wp-block-image size-full\"><img loading=\"lazy\" decoding=\"async\" width=\"750\" height=\"604\" src=\"https:\/\/yogurt-machines.com\/wp-content\/uploads\/2021\/10\/yogurt-production.jpg\" alt=\"linha de produ\u00e7\u00e3o de iogurte\" class=\"wp-image-1669\" title=\"\"><\/figure>    <h2 class=\"wp-block-heading\" id=\"h-what-machines-are-used-to-make-yogurt\">Quais m\u00e1quinas s\u00e3o usadas para fazer iogurte?<\/h2>    <p>Qual m\u00e1quina \u00e9 necess\u00e1ria para a produ\u00e7\u00e3o de iogurte? Existem muitos procedimentos no processo de processamento de iogurte. Al\u00e9m disso, existem algumas diferen\u00e7as nas m\u00e1quinas utilizadas para produzir iogurte, escolhendo leite fresco ou leite em p\u00f3. Portanto, voc\u00ea deve primeiro determinar quais s\u00e3o as mat\u00e9rias-primas antes da produ\u00e7\u00e3o. Se voc\u00ea quiser usar leite em p\u00f3 na produ\u00e7\u00e3o, n\u00e3o precisa comprar tanques de refrigera\u00e7\u00e3o. , Mas se quiser usar leite fresco para produ\u00e7\u00e3o, deve-se usar um tanque de refrigera\u00e7\u00e3o<\/p>    <h2 class=\"wp-block-heading\">Como escolher uma linha de produ\u00e7\u00e3o de iogurte<\/h2>    <p>Existem muitas m\u00e1quinas para fazer iogurte no mercado e os pre\u00e7os tamb\u00e9m s\u00e3o muito diferentes. Ao comprar uma linha de produ\u00e7\u00e3o de iogurte, al\u00e9m das especifica\u00e7\u00f5es e dimens\u00f5es da m\u00e1quina de produ\u00e7\u00e3o de iogurte, h\u00e1, mais importante, que voc\u00ea deve prestar aten\u00e7\u00e3o ao material da linha de produ\u00e7\u00e3o de iogurte. Tente escolher o material de a\u00e7o inoxid\u00e1vel, pois o iogurte fica frequentemente exposto a l\u00edquidos e \u00e9 mais sujeito \u00e0 ferrugem, por isso o material de a\u00e7o inoxid\u00e1vel \u00e9 muito importante.<\/p>    <h2 class=\"wp-block-heading\">perfil de companhia<\/h2>    <p>Estamos envolvidos em m\u00e1quinas de iogurte h\u00e1 muitos anos e temos uma vasta experi\u00eancia. N\u00f3s os vendemos aos clientes pelos pre\u00e7os mais baixos na exporta\u00e7\u00e3o. Existem muitas f\u00e1bricas que produzem iogurte. Compraremos nossas m\u00e1quinas muitas vezes porque podemos resolver o problema de Hu Ke a tempo. Sofisticado.<\/p>    <figure class=\"wp-block-image size-full\"><img loading=\"lazy\" decoding=\"async\" width=\"750\" height=\"736\" src=\"https:\/\/yogurt-machines.com\/wp-content\/uploads\/2021\/10\/yogurt-production-line-company.jpg\" alt=\"linha de produ\u00e7\u00e3o de iogurte\" class=\"wp-image-1670\" title=\"\"><\/figure>","protected":false},"excerpt":{"rendered":"<p class=\"translation-block\">A nossa empresa exporta principalmente linhas de produ\u00e7\u00e3o de iogurte pequenas de 200-500ml. Atrav\u00e9s de um ac\u00famulo de longo prazo, exportamos para o Qu\u00eania, \u00c1frica do Sul, Nig\u00e9ria, Paquist\u00e3o e outros lugares, e temos sido bem \u2026 <a title=\"300ml Yogurt Production Line Shipped to Kenya\" class=\"read-more\" href=\"https:\/\/yogurt-machines.com\/pt\/300ml-yogurt-production-line-shipped-to-kenya\/\" aria-label=\"Leia mais sobre 300ml Yogurt Production Line Shipped to Kenya\">\u2026<\/a><\/p>","protected":false},"author":1,"featured_media":1667,"parent":0,"menu_order":0,"comment_status":"open","ping_status":"closed","template":"","meta":{"footnotes":""},"class_list":["post-1665","page","type-page","status-publish","has-post-thumbnail"],"_links":{"self":[{"href":"https:\/\/yogurt-machines.com\/pt\/wp-json\/wp\/v2\/pages\/1665","targetHints":{"allow":["GET"]}}],"collection":[{"href":"https:\/\/yogurt-machines.com\/pt\/wp-json\/wp\/v2\/pages"}],"about":[{"href":"https:\/\/yogurt-machines.com\/pt\/wp-json\/wp\/v2\/types\/page"}],"author":[{"embeddable":true,"href":"https:\/\/yogurt-machines.com\/pt\/wp-json\/wp\/v2\/users\/1"}],"replies":[{"embeddable":true,"href":"https:\/\/yogurt-machines.com\/pt\/wp-json\/wp\/v2\/comments?post=1665"}],"version-history":[{"count":0,"href":"https:\/\/yogurt-machines.com\/pt\/wp-json\/wp\/v2\/pages\/1665\/revisions"}],"wp:featuredmedia":[{"embeddable":true,"href":"https:\/\/yogurt-machines.com\/pt\/wp-json\/wp\/v2\/media\/1667"}],"wp:attachment":[{"href":"https:\/\/yogurt-machines.com\/pt\/wp-json\/wp\/v2\/media?parent=1665"}],"curies":[{"name":"wp","href":"https:\/\/api.w.org\/{rel}","templated":true}]}}