{"id":21,"date":"2019-11-20T09:23:24","date_gmt":"2019-11-20T09:23:24","guid":{"rendered":"http:\/\/yogurt-machines.com\/?page_id=21"},"modified":"2021-03-01T10:56:17","modified_gmt":"2021-03-01T02:56:17","slug":"taizy-yogurt-machinery","status":"publish","type":"page","link":"https:\/\/yogurt-machines.com\/pt\/","title":{"rendered":"M\u00e1quinas de iogurte Taizy"},"content":{"rendered":"<div class=\"wp-block-columns is-layout-flex wp-container-core-columns-is-layout-9d6595d7 wp-block-columns-is-layout-flex\"> <div class=\"wp-block-column is-layout-flow wp-block-column-is-layout-flow\"> <h2 class=\"has-text-align-center wp-block-heading\" id=\"h-company-profile\"> <strong>perfil de companhia<\/strong> <\/h2>    <div class=\"wp-block-image\"><figure class=\"aligncenter size-large is-resized\"><img loading=\"lazy\" decoding=\"async\" src=\"https:\/\/yogurt-machines.com\/wp-content\/uploads\/2019\/11\/org_underline2.png\" alt=\"\" class=\"wp-image-251\" width=\"154\" height=\"4\" title=\"\" srcset=\"https:\/\/yogurt-machines.com\/wp-content\/uploads\/2019\/11\/org_underline2.png 154w, https:\/\/yogurt-machines.com\/wp-content\/uploads\/2019\/11\/org_underline2-150x4.png 150w\" sizes=\"auto, (max-width: 154px) 100vw, 154px\" \/><\/figure><\/div>    <p class=\"has-text-align-center\"> Zhengzhou Taizy Machinery Co., Ltd\u00a0\u00e9 um fabricante l\u00edder de m\u00e1quinas de processamento de iogurte na China e integramos produ\u00e7\u00e3o, design, instala\u00e7\u00e3o e montagem como um todo, oferecendo o melhor servi\u00e7o aos nossos clientes. As m\u00e1quinas de iogurte que produzimos apresentam excelente efici\u00eancia de trabalho, podendo customizar a capacidade que voc\u00ea deseja de acordo com sua demanda.<\/p> <\/div>    <div class=\"wp-block-column shadow is-layout-flow wp-block-column-is-layout-flow\"> <figure class=\"wp-block-image size-large\"><img loading=\"lazy\" decoding=\"async\" width=\"1024\" height=\"652\" src=\"https:\/\/yogurt-machines.com\/wp-content\/uploads\/2019\/12\/factory-1024x652.jpg\" alt=\"\" class=\"wp-image-387\" title=\"\" srcset=\"https:\/\/yogurt-machines.com\/wp-content\/uploads\/2019\/12\/factory-1024x652.jpg 1024w, https:\/\/yogurt-machines.com\/wp-content\/uploads\/2019\/12\/factory-300x191.jpg 300w, https:\/\/yogurt-machines.com\/wp-content\/uploads\/2019\/12\/factory-768x489.jpg 768w, https:\/\/yogurt-machines.com\/wp-content\/uploads\/2019\/12\/factory.jpg 1156w\" sizes=\"auto, (max-width: 1024px) 100vw, 1024px\" \/><\/figure> <\/div> <\/div>    <div class=\"bg\">    <div class=\"wp-block-columns is-layout-flex wp-container-core-columns-is-layout-9d6595d7 wp-block-columns-is-layout-flex\"> <div class=\"wp-block-column is-layout-flow wp-block-column-is-layout-flow\"> <figure class=\"wp-block-image size-large\"><img loading=\"lazy\" decoding=\"async\" width=\"750\" height=\"608\" src=\"https:\/\/yogurt-machines.com\/wp-content\/uploads\/2019\/12\/certificate-11.jpg\" alt=\"\" class=\"wp-image-389\" title=\"\" srcset=\"https:\/\/yogurt-machines.com\/wp-content\/uploads\/2019\/12\/certificate-11.jpg 750w, https:\/\/yogurt-machines.com\/wp-content\/uploads\/2019\/12\/certificate-11-300x243.jpg 300w\" sizes=\"auto, (max-width: 750px) 100vw, 750px\" \/><\/figure> <\/div>    <div class=\"wp-block-column text is-layout-flow wp-block-column-is-layout-flow\"> <h2 class=\"has-text-align-center wp-block-heading\" id=\"h-authorized-certificates\"> Certificados Autorizados <\/h2>    <p class=\"has-text-align-center\"> As m\u00e1quinas de processamento de iogurte Taizy foram vendidas em muitos pa\u00edses, recebendo bons coment\u00e1rios dos clientes. Os interc\u00e2mbios e a coopera\u00e7\u00e3o de longo prazo com pa\u00edses estrangeiros fazem com que o iogurte Taizy acompanhe os tempos, conquistando amplos mercados internacionais.<\/p> <\/div> <\/div>    <\/div>    <h2 class=\"has-text-align-center wp-block-heading\" id=\"h-our-products\"><strong> Nossos produtos <\/strong><\/h2>    <div class=\"wp-block-image\"><figure class=\"aligncenter size-large\"><img loading=\"lazy\" decoding=\"async\" width=\"154\" height=\"4\" src=\"https:\/\/yogurt-machines.com\/wp-content\/uploads\/2019\/11\/org_underline2.png\" alt=\"\" class=\"wp-image-251\" title=\"\" srcset=\"https:\/\/yogurt-machines.com\/wp-content\/uploads\/2019\/11\/org_underline2.png 154w, https:\/\/yogurt-machines.com\/wp-content\/uploads\/2019\/11\/org_underline2-150x4.png 150w\" sizes=\"auto, (max-width: 154px) 100vw, 154px\" \/><\/figure><\/div>    <div class=\"pt-cv-wrapper\"><div class=\"pt-cv-view pt-cv-grid pt-cv-colsys\" id=\"pt-cv-view-4b1fdda17f\"><div data-id=\"pt-cv-page-1\" class=\"pt-cv-page\" data-cvc=\"3\"><div class=\"col-md-4 col-sm-6 col-xs-12 pt-cv-content-item pt-cv-1-col\"  data-pid=\"7960\"><div class='pt-cv-ifield'><a href=\"https:\/\/yogurt-machines.com\/pt\/reconstituted-milk-yogurt-production-line\/\" class=\"_self pt-cv-href-thumbnail pt-cv-thumb-default cvplbd\" target=\"_self\" ><img loading=\"lazy\" decoding=\"async\" width=\"720\" height=\"540\" src=\"https:\/\/yogurt-machines.com\/wp-content\/uploads\/2026\/03\/reconstituted-milk-yogurt-production-line.webp\" class=\"pt-cv-thumbnail img-none\" alt=\"linha de produ\u00e7\u00e3o de iogurte de leite reconstitu\u00eddo\" srcset=\"https:\/\/yogurt-machines.com\/wp-content\/uploads\/2026\/03\/reconstituted-milk-yogurt-production-line.webp 720w, https:\/\/yogurt-machines.com\/wp-content\/uploads\/2026\/03\/reconstituted-milk-yogurt-production-line-16x12.webp 16w\" sizes=\"auto, (max-width: 720px) 100vw, 720px\" title=\"\"><\/a> <h4 class=\"pt-cv-title\"><a href=\"https:\/\/yogurt-machines.com\/pt\/reconstituted-milk-yogurt-production-line\/\" class=\"_self cvplbd\" target=\"_self\" >Linha de Produ\u00e7\u00e3o de Iogurte de Leite Reconstitu\u00eddo<\/a><\/h4> <div class=\"pt-cv-content\">Guia completo da linha de produ\u00e7\u00e3o de iogurte a partir de leite em p\u00f3 para produ\u00e7\u00e3o de iogurte em pequena escala. Inclui an\u00e1lise de custos, especifica\u00e7\u00f5es do equipamento e ...<br \/><div class=\"pt-cv-rmwrap\"><a href=\"https:\/\/yogurt-machines.com\/pt\/reconstituted-milk-yogurt-production-line\/\" class=\"_self pt-cv-readmore btn btn-success cvplbd\" target=\"_self\">Leia mais<\/a><\/div><\/div><\/div><\/div> <div class=\"col-md-4 col-sm-6 col-xs-12 pt-cv-content-item pt-cv-1-col\"  data-pid=\"7924\"><div class='pt-cv-ifield'><a href=\"https:\/\/yogurt-machines.com\/pt\/yogurt-machine-maintenance-guide\/\" class=\"_self pt-cv-href-thumbnail pt-cv-thumb-default cvplbd\" target=\"_self\" ><img loading=\"lazy\" decoding=\"async\" width=\"720\" height=\"540\" src=\"https:\/\/yogurt-machines.com\/wp-content\/uploads\/2026\/03\/yogurt-machine-maintenance.webp\" class=\"pt-cv-thumbnail img-none\" alt=\"Manuten\u00e7\u00e3o da m\u00e1quina de iogurte\" srcset=\"https:\/\/yogurt-machines.com\/wp-content\/uploads\/2026\/03\/yogurt-machine-maintenance.webp 720w, https:\/\/yogurt-machines.com\/wp-content\/uploads\/2026\/03\/yogurt-machine-maintenance-16x12.webp 16w\" sizes=\"auto, (max-width: 720px) 100vw, 720px\" title=\"\"><\/a> <h4 class=\"pt-cv-title\"><a href=\"https:\/\/yogurt-machines.com\/pt\/yogurt-machine-maintenance-guide\/\" class=\"_self cvplbd\" target=\"_self\" >Guia Completa de Manuten\u00e7\u00e3o da M\u00e1quina de Iogurte: Prolongue a Vida \u00datil do Equipamento<\/a><\/h4> <div class=\"pt-cv-content\">Guia completa de manuten\u00e7\u00e3o da m\u00e1quina de iogurte. Programas de manuten\u00e7\u00e3o di\u00e1ria, semanal e mensal. Procedimentos de limpeza CIP, resolu\u00e7\u00e3o de problemas comuns. Prolongue a vida \u00fatil do equipamento por ...<br \/><div class=\"pt-cv-rmwrap\"><a href=\"https:\/\/yogurt-machines.com\/pt\/yogurt-machine-maintenance-guide\/\" class=\"_self pt-cv-readmore btn btn-success cvplbd\" target=\"_self\">Leia mais<\/a><\/div><\/div><\/div><\/div> <div class=\"col-md-4 col-sm-6 col-xs-12 pt-cv-content-item pt-cv-1-col\"  data-pid=\"7849\"><div class='pt-cv-ifield'><a href=\"https:\/\/yogurt-machines.com\/pt\/kenyan-client-inspect-yogurt-producing-machine-factory\/\" class=\"_self pt-cv-href-thumbnail pt-cv-thumb-default cvplbd\" target=\"_self\" ><img loading=\"lazy\" decoding=\"async\" width=\"720\" height=\"540\" src=\"https:\/\/yogurt-machines.com\/wp-content\/uploads\/2026\/02\/customers-and-our-professional-sales.webp\" class=\"pt-cv-thumbnail img-none\" alt=\"clientes e nossas vendas profissionais\" srcset=\"https:\/\/yogurt-machines.com\/wp-content\/uploads\/2026\/02\/customers-and-our-professional-sales.webp 720w, https:\/\/yogurt-machines.com\/wp-content\/uploads\/2026\/02\/customers-and-our-professional-sales-16x12.webp 16w\" sizes=\"auto, (max-width: 720px) 100vw, 720px\" title=\"\"><\/a> <h4 class=\"pt-cv-title\"><a href=\"https:\/\/yogurt-machines.com\/pt\/kenyan-client-inspect-yogurt-producing-machine-factory\/\" class=\"_self cvplbd\" target=\"_self\" >Cliente queniano inspeciona a m\u00e1quina de produ\u00e7\u00e3o de iogurte na f\u00e1brica<\/a><\/h4> <div class=\"pt-cv-content\">Um cliente do Qu\u00e9nia visitou a nossa f\u00e1brica para inspecionar a sua linha de produ\u00e7\u00e3o personalizada de m\u00e1quinas de iogurte de 1000L. Ap\u00f3s testemunhar o teste completo ...<br \/><div class=\"pt-cv-rmwrap\"><a href=\"https:\/\/yogurt-machines.com\/pt\/kenyan-client-inspect-yogurt-producing-machine-factory\/\" class=\"_self pt-cv-readmore btn btn-success cvplbd\" target=\"_self\">Leia mais<\/a><\/div><\/div><\/div><\/div> <div class=\"col-md-4 col-sm-6 col-xs-12 pt-cv-content-item pt-cv-1-col\"  data-pid=\"7819\"><div class='pt-cv-ifield'><a href=\"https:\/\/yogurt-machines.com\/pt\/yogurt-filling-sealing-machine-buying-guide\/\" class=\"_self pt-cv-href-thumbnail pt-cv-thumb-default cvplbd\" target=\"_self\" ><img loading=\"lazy\" decoding=\"async\" width=\"720\" height=\"540\" src=\"https:\/\/yogurt-machines.com\/wp-content\/uploads\/2026\/01\/linear-yogurt-filling-sealing-machine.webp\" class=\"pt-cv-thumbnail img-none\" alt=\"m\u00e1quina linear de enchimento e selagem de iogurte\" srcset=\"https:\/\/yogurt-machines.com\/wp-content\/uploads\/2026\/01\/linear-yogurt-filling-sealing-machine.webp 720w, https:\/\/yogurt-machines.com\/wp-content\/uploads\/2026\/01\/linear-yogurt-filling-sealing-machine-16x12.webp 16w\" sizes=\"auto, (max-width: 720px) 100vw, 720px\" title=\"\"><\/a> <h4 class=\"pt-cv-title\"><a href=\"https:\/\/yogurt-machines.com\/pt\/yogurt-filling-sealing-machine-buying-guide\/\" class=\"_self cvplbd\" target=\"_self\" >Guia de Compra de M\u00e1quinas de Enchimento e Selagem de Iogurte<\/a><\/h4> <div class=\"pt-cv-content\">Este guia de compra explicar\u00e1 como escolher a m\u00e1quina de enchimento e selagem de iogurte adequada, incluindo o tipo de m\u00e1quina, compatibilidade com o tamanho do copo, ...<br \/><div class=\"pt-cv-rmwrap\"><a href=\"https:\/\/yogurt-machines.com\/pt\/yogurt-filling-sealing-machine-buying-guide\/\" class=\"_self pt-cv-readmore btn btn-success cvplbd\" target=\"_self\">Leia mais<\/a><\/div><\/div><\/div><\/div> <div class=\"col-md-4 col-sm-6 col-xs-12 pt-cv-content-item pt-cv-1-col\"  data-pid=\"7785\"><div class='pt-cv-ifield'><a href=\"https:\/\/yogurt-machines.com\/pt\/faq-about-commercial-yogurt-maker\/\" class=\"_self pt-cv-href-thumbnail pt-cv-thumb-default cvplbd\" target=\"_self\" ><img loading=\"lazy\" decoding=\"async\" width=\"720\" height=\"540\" src=\"https:\/\/yogurt-machines.com\/wp-content\/uploads\/2026\/01\/commercial-yogurt-maker.webp\" class=\"pt-cv-thumbnail img-none\" alt=\"Fabricante de iogurte comercial\" srcset=\"https:\/\/yogurt-machines.com\/wp-content\/uploads\/2026\/01\/commercial-yogurt-maker.webp 720w, https:\/\/yogurt-machines.com\/wp-content\/uploads\/2026\/01\/commercial-yogurt-maker-16x12.webp 16w\" sizes=\"auto, (max-width: 720px) 100vw, 720px\" title=\"\"><\/a> <h4 class=\"pt-cv-title\"><a href=\"https:\/\/yogurt-machines.com\/pt\/faq-about-commercial-yogurt-maker\/\" class=\"_self cvplbd\" target=\"_self\" >Perguntas Frequentes Sobre a M\u00e1quina de Iogurte Comercial<\/a><\/h4> <div class=\"pt-cv-content\">Este artigo responde \u00e0s perguntas mais frequentes dos clientes antes de comprar, incluindo aspetos como capacidade, controlo da fermenta\u00e7\u00e3o, limpeza, ...<br \/><div class=\"pt-cv-rmwrap\"><a href=\"https:\/\/yogurt-machines.com\/pt\/faq-about-commercial-yogurt-maker\/\" class=\"_self pt-cv-readmore btn btn-success cvplbd\" target=\"_self\">Leia mais<\/a><\/div><\/div><\/div><\/div> <div class=\"col-md-4 col-sm-6 col-xs-12 pt-cv-content-item pt-cv-1-col\"  data-pid=\"7718\"><div class='pt-cv-ifield'><a href=\"https:\/\/yogurt-machines.com\/pt\/homogenizer-machine-for-dairy-food-processing\/\" class=\"_self pt-cv-href-thumbnail pt-cv-thumb-default cvplbd\" target=\"_self\" ><img loading=\"lazy\" decoding=\"async\" width=\"720\" height=\"540\" src=\"https:\/\/yogurt-machines.com\/wp-content\/uploads\/2025\/11\/automatic-homogenizer-machine.webp\" class=\"pt-cv-thumbnail img-none\" alt=\"m\u00e1quina de homogeneiza\u00e7\u00e3o autom\u00e1tica\" srcset=\"https:\/\/yogurt-machines.com\/wp-content\/uploads\/2025\/11\/automatic-homogenizer-machine.webp 720w, https:\/\/yogurt-machines.com\/wp-content\/uploads\/2025\/11\/automatic-homogenizer-machine-16x12.webp 16w\" sizes=\"auto, (max-width: 720px) 100vw, 720px\" title=\"\"><\/a> <h4 class=\"pt-cv-title\"><a href=\"https:\/\/yogurt-machines.com\/pt\/homogenizer-machine-for-dairy-food-processing\/\" class=\"_self cvplbd\" target=\"_self\" >M\u00e1quina de Homogeneiza\u00e7\u00e3o para Latic\u00ednios e Processamento de Iogurte<\/a><\/h4> <div class=\"pt-cv-content\">O homogeneizador Taizy oferece capacidade flex\u00edvel, variando entre 100-2000 L\/h, melhorando significativamente a qualidade do produto ao produzir um produto mais fino, mais branco e mais est\u00e1vel ...<br \/><div class=\"pt-cv-rmwrap\"><a href=\"https:\/\/yogurt-machines.com\/pt\/homogenizer-machine-for-dairy-food-processing\/\" class=\"_self pt-cv-readmore btn btn-success cvplbd\" target=\"_self\">Leia mais<\/a><\/div><\/div><\/div><\/div><\/div><\/div><\/div>\t\t\t<style type=\"text\/css\" id=\"pt-cv-inline-style-9b018d5c4d\">#pt-cv-view-4b1fdda17f .pt-cv-title a, #pt-cv-view-4b1fdda17f  .panel-title { font-weight: 600 !important; } #pt-cv-view-4b1fdda17f .pt-cv-readmore  { color: #ffffff !important; background-color: #00aeef !important; } #pt-cv-view-4b1fdda17f .pt-cv-readmore:hover  { color: #ffffff !important; background-color: #00aeef !important; }<\/style>  \t\t\t    <h2 class=\"has-text-align-center wp-block-heading\" id=\"h-our-service\"><strong>Nosso servi\u00e7o <\/strong><\/h2>    <div class=\"wp-block-image\"><figure class=\"aligncenter size-large\"><img loading=\"lazy\" decoding=\"async\" width=\"154\" height=\"4\" src=\"https:\/\/yogurt-machines.com\/wp-content\/uploads\/2019\/11\/org_underline2.png\" alt=\"\" class=\"wp-image-251\" title=\"\" srcset=\"https:\/\/yogurt-machines.com\/wp-content\/uploads\/2019\/11\/org_underline2.png 154w, https:\/\/yogurt-machines.com\/wp-content\/uploads\/2019\/11\/org_underline2-150x4.png 150w\" sizes=\"auto, (max-width: 154px) 100vw, 154px\" \/><\/figure><\/div>    <div class=\"wp-block-columns three-text is-layout-flex wp-container-core-columns-is-layout-9d6595d7 wp-block-columns-is-layout-flex\"> <div class=\"wp-block-column is-layout-flow wp-block-column-is-layout-flow\"> <div class=\"wp-block-image is-style-circle-mask\"><figure class=\"aligncenter size-large\"><img loading=\"lazy\" decoding=\"async\" width=\"88\" height=\"70\" src=\"https:\/\/yogurt-machines.com\/wp-content\/uploads\/2019\/11\/tools.png\" alt=\"\" class=\"wp-image-112\" title=\"\"><\/figure><\/div>    <p class=\"has-text-align-center\">Personaliza\u00e7\u00e3o pessoal. A capacidade das m\u00e1quinas de processamento de iogurte Taizy varia de 200L-5T, e personalizaremos as linhas adequadas para voc\u00ea de acordo com sua necessidade.<\/p> <\/div>    <div class=\"wp-block-column is-layout-flow wp-block-column-is-layout-flow\"> <div class=\"wp-block-image is-style-circle-mask\"><figure class=\"aligncenter size-large\"><img loading=\"lazy\" decoding=\"async\" width=\"88\" height=\"70\" src=\"https:\/\/yogurt-machines.com\/wp-content\/uploads\/2019\/11\/tools.png\" alt=\"\" class=\"wp-image-112\" title=\"\"><\/figure><\/div>    <p class=\"has-text-align-center\"> Forma\u00e7\u00e3o profissional. Nunca se preocupe em como instalar e usar a m\u00e1quina, n\u00f3s providenciamos nossos t\u00e9cnicos para ajud\u00e1-lo.<\/p> <\/div>    <div class=\"wp-block-column is-layout-flow wp-block-column-is-layout-flow\"> <div class=\"wp-block-image is-style-circle-mask\"><figure class=\"aligncenter size-large\"><img loading=\"lazy\" decoding=\"async\" width=\"88\" height=\"70\" src=\"https:\/\/yogurt-machines.com\/wp-content\/uploads\/2019\/11\/tools.png\" alt=\"\" class=\"wp-image-112\" title=\"\"><\/figure><\/div>    <p class=\"has-text-align-center\">An\u00e1lise de rentabilidade. Como ganhar dinheiro? Quando voc\u00ea pode recuperar o dinheiro que investiu? Faremos um plano perfeito com base no mercado local<\/p> <\/div> <\/div>    <p><\/p>","protected":false},"excerpt":{"rendered":"<p class=\"translation-block\">Company Profile Zhengzhou Taizy Machinery Co., Ltd \u00e9 um fabricante l\u00edder de m\u00e1quinas de processamento de iogurte na China, e integramos produ\u00e7\u00e3o, design, instala\u00e7\u00e3o e montagem como um todo, fornecendo o melhor \u2026 <a title=\"Taizy Yogurt Machinery\" class=\"read-more\" href=\"https:\/\/yogurt-machines.com\/pt\/\" aria-label=\"Leia mais sobre Taizy Yogurt Machinery\">\u2026<\/a><\/p>","protected":false},"author":1,"featured_media":0,"parent":0,"menu_order":0,"comment_status":"closed","ping_status":"closed","template":"","meta":{"footnotes":""},"class_list":["post-21","page","type-page","status-publish"],"_links":{"self":[{"href":"https:\/\/yogurt-machines.com\/pt\/wp-json\/wp\/v2\/pages\/21","targetHints":{"allow":["GET"]}}],"collection":[{"href":"https:\/\/yogurt-machines.com\/pt\/wp-json\/wp\/v2\/pages"}],"about":[{"href":"https:\/\/yogurt-machines.com\/pt\/wp-json\/wp\/v2\/types\/page"}],"author":[{"embeddable":true,"href":"https:\/\/yogurt-machines.com\/pt\/wp-json\/wp\/v2\/users\/1"}],"replies":[{"embeddable":true,"href":"https:\/\/yogurt-machines.com\/pt\/wp-json\/wp\/v2\/comments?post=21"}],"version-history":[{"count":0,"href":"https:\/\/yogurt-machines.com\/pt\/wp-json\/wp\/v2\/pages\/21\/revisions"}],"wp:attachment":[{"href":"https:\/\/yogurt-machines.com\/pt\/wp-json\/wp\/v2\/media?parent=21"}],"curies":[{"name":"wp","href":"https:\/\/api.w.org\/{rel}","templated":true}]}}