{"id":9,"date":"2019-11-20T08:56:35","date_gmt":"2019-11-20T08:56:35","guid":{"rendered":"http:\/\/yogurt-machines.com\/?page_id=9"},"modified":"2019-12-06T08:31:51","modified_gmt":"2019-12-06T00:31:51","slug":"about-us","status":"publish","type":"page","link":"https:\/\/yogurt-machines.com\/pt\/about-us\/","title":{"rendered":"Sobre n\u00f3s"},"content":{"rendered":"<figure class=\"wp-block-image size-large\"><img loading=\"lazy\" decoding=\"async\" width=\"87\" height=\"6\" src=\"https:\/\/yogurt-machines.com\/wp-content\/uploads\/2019\/11\/theme-title.png\" alt=\"\" class=\"wp-image-287\" title=\"\"><\/figure>    <h2 class=\"has-text-align-center wp-block-heading\"> M\u00e1quinas Taizy Co., Ltd. <\/h2>    <p>Ap\u00f3s mais de 10 anos de explora\u00e7\u00e3o \u00e1rdua, as\u00a0m\u00e1quinas\u00a0da Taizy\u00a0estabeleceram um sistema de servi\u00e7o completo e eficaz e criaram uma equipe de vendas experiente. N\u00f3s\u00a0n\u00e3o apenas fornecemos aos clientes o layout da f\u00e1brica, fluxogramas\u00a0e an\u00e1lises de lucratividade, mas tamb\u00e9m designamos engenheiros para irem ao exterior para treinar e orientar os trabalhadores, ajudando-os a operar as m\u00e1quinas. Ao fazer isso, ganhamos elogios generalizados dos clientes.\u00a0Boa credibilidade, excelente qualidade e servi\u00e7o \u00edntimo s\u00e3o nossas buscas constantes. Desejamos poder contribuir para o desenvolvimento e prosperidade da m\u00e1quina de processamento de iogurte sob o nosso esfor\u00e7o incessante.<\/p>    <figure class=\"wp-block-image size-large\"><img loading=\"lazy\" decoding=\"async\" width=\"960\" height=\"724\" src=\"https:\/\/yogurt-machines.com\/wp-content\/uploads\/2019\/11\/company.jpg\" alt=\"\" class=\"wp-image-331\" title=\"\" srcset=\"https:\/\/yogurt-machines.com\/wp-content\/uploads\/2019\/11\/company.jpg 960w, https:\/\/yogurt-machines.com\/wp-content\/uploads\/2019\/11\/company-300x226.jpg 300w, https:\/\/yogurt-machines.com\/wp-content\/uploads\/2019\/11\/company-768x579.jpg 768w\" sizes=\"auto, (max-width: 960px) 100vw, 960px\" \/><\/figure>    <h2 class=\"has-text-align-center wp-block-heading\">Nosso servi\u00e7o<\/h2>    <ol class=\"wp-block-list\"><li>Personaliza\u00e7\u00e3o pessoal. A capacidade das m\u00e1quinas de processamento de iogurte Taizy varia de 200L-5T, e personalizaremos as linhas adequadas para voc\u00ea de acordo com sua necessidade.<\/li><li>Forma\u00e7\u00e3o profissional. Nunca se preocupe em como instalar e usar a m\u00e1quina, n\u00f3s providenciamos nossos t\u00e9cnicos para ajud\u00e1-lo.<\/li><li>An\u00e1lise de rentabilidade. Como ganhar dinheiro? Quando voc\u00ea pode recuperar o dinheiro que investiu? Faremos um plano perfeito com base no mercado local.<\/li><\/ol>    <figure class=\"wp-block-image size-large\"><img loading=\"lazy\" decoding=\"async\" width=\"1024\" height=\"768\" src=\"https:\/\/yogurt-machines.com\/wp-content\/uploads\/2019\/11\/yogurt-machines-1024x768.jpg\" alt=\"\" class=\"wp-image-364\" title=\"\" srcset=\"https:\/\/yogurt-machines.com\/wp-content\/uploads\/2019\/11\/yogurt-machines-1024x768.jpg 1024w, https:\/\/yogurt-machines.com\/wp-content\/uploads\/2019\/11\/yogurt-machines-300x225.jpg 300w, https:\/\/yogurt-machines.com\/wp-content\/uploads\/2019\/11\/yogurt-machines-768x576.jpg 768w, https:\/\/yogurt-machines.com\/wp-content\/uploads\/2019\/11\/yogurt-machines-1536x1152.jpg 1536w, https:\/\/yogurt-machines.com\/wp-content\/uploads\/2019\/11\/yogurt-machines-2048x1536.jpg 2048w\" sizes=\"auto, (max-width: 1024px) 100vw, 1024px\" \/><\/figure>","protected":false},"excerpt":{"rendered":"<p class=\"translation-block\">Taizy Machinery Co., Ltd. Ap\u00f3s mais de 10 anos de explora\u00e7\u00e3o \u00e1rdua, a Taizy machinery estabeleceu um sistema de servi\u00e7o completo e eficaz e criou uma equipa de vendas experiente. N\u00e3o s\u00f3 fornecemos \u2026 <a title=\"Sobre N\u00f3s\" class=\"read-more\" href=\"https:\/\/yogurt-machines.com\/pt\/about-us\/\" aria-label=\"Leia mais sobre Sobre N\u00f3s\">\u2026<\/a><\/p>","protected":false},"author":1,"featured_media":0,"parent":0,"menu_order":0,"comment_status":"closed","ping_status":"closed","template":"","meta":{"footnotes":""},"class_list":["post-9","page","type-page","status-publish"],"_links":{"self":[{"href":"https:\/\/yogurt-machines.com\/pt\/wp-json\/wp\/v2\/pages\/9","targetHints":{"allow":["GET"]}}],"collection":[{"href":"https:\/\/yogurt-machines.com\/pt\/wp-json\/wp\/v2\/pages"}],"about":[{"href":"https:\/\/yogurt-machines.com\/pt\/wp-json\/wp\/v2\/types\/page"}],"author":[{"embeddable":true,"href":"https:\/\/yogurt-machines.com\/pt\/wp-json\/wp\/v2\/users\/1"}],"replies":[{"embeddable":true,"href":"https:\/\/yogurt-machines.com\/pt\/wp-json\/wp\/v2\/comments?post=9"}],"version-history":[{"count":0,"href":"https:\/\/yogurt-machines.com\/pt\/wp-json\/wp\/v2\/pages\/9\/revisions"}],"wp:attachment":[{"href":"https:\/\/yogurt-machines.com\/pt\/wp-json\/wp\/v2\/media?parent=9"}],"curies":[{"name":"wp","href":"https:\/\/api.w.org\/{rel}","templated":true}]}}