{"id":1665,"date":"2021-10-22T17:00:33","date_gmt":"2021-10-22T09:00:33","guid":{"rendered":"https:\/\/yogurt-machines.com\/?page_id=1665"},"modified":"2021-10-22T17:05:10","modified_gmt":"2021-10-22T09:05:10","slug":"300ml-yogurt-production-line-shipped-to-kenya","status":"publish","type":"page","link":"https:\/\/yogurt-machines.com\/tr\/300ml-yogurt-production-line-shipped-to-kenya\/","title":{"rendered":"300ml Yo\u011furt \u00dcretim Hatt\u0131 Kenya'ya Sevk Edildi"},"content":{"rendered":"<p class=\"translation-block\">\u015eirketimiz a\u011f\u0131rl\u0131kl\u0131 olarak 200-500ml k\u00fc\u00e7\u00fck yo\u011furt \u00fcretim hatlar\u0131 ihra\u00e7 etmektedir. Uzun vadeli birikimle, Kenya, G\u00fcney Afrika, Nijerya, Pakistan ve di\u011fer yerlere ihracat yapt\u0131k ve m\u00fc\u015fterilerimiz taraf\u0131ndan iyi kar\u015f\u0131land\u0131k. Kenya'ya yeni bir <a href=\"https:\/\/yogurt-machines.com\/tr\/200-500l-yogurt-production-line-yogurt-making-machine\/\">300ml yo\u011furt \u00fcretim hatt\u0131<\/a> ihra\u00e7 ettik.<\/p>    <h2 class=\"wp-block-heading\">Yo\u011furt fabrikas\u0131 nas\u0131l kurulur?<\/h2>    <p>Yo\u011furt \u00fcretim i\u015fine ba\u015flamak isteyen ama nas\u0131l ba\u015flayaca\u011f\u0131n\u0131 bilmeyen pek \u00e7ok ki\u015fi var. Zaten bir ortak fabrikan\u0131z varsa, makine se\u00e7imine ba\u015flaman\u0131z gerekir. B\u00fcy\u00fck \u00e7\u0131kt\u0131ya sahip bir makinenin se\u00e7imi fabrikan\u0131n b\u00fcy\u00fckl\u00fc\u011f\u00fcne ve sermayesine ba\u011fl\u0131d\u0131r. E\u011fer \u00f6yleyse, ilk yo\u011furt \u00fcretim i\u015fi i\u00e7in k\u00fc\u00e7\u00fck hacimli bir yo\u011furt \u00fcretim hatt\u0131n\u0131 denemek en iyisidir. 200-500 ml'lik bir yo\u011furt \u00fcretim hatt\u0131 tam olarak uygundur.<\/p>    <figure class=\"wp-block-image size-full\"><img loading=\"lazy\" decoding=\"async\" width=\"750\" height=\"604\" src=\"https:\/\/yogurt-machines.com\/wp-content\/uploads\/2021\/10\/yogurt-production.jpg\" alt=\"yo\u011furt \u00fcretim hatt\u0131\" class=\"wp-image-1669\" title=\"\"><\/figure>    <h2 class=\"wp-block-heading\" id=\"h-what-machines-are-used-to-make-yogurt\">Yo\u011furt yapmak i\u00e7in hangi makineler kullan\u0131l\u0131r?<\/h2>    <p>Yo\u011furt \u00fcretimi i\u00e7in hangi makineye ihtiya\u00e7 vard\u0131r? Yo\u011furt i\u015fleme s\u00fcrecinde bir\u00e7ok prosed\u00fcr vard\u0131r. Ayr\u0131ca taze s\u00fct veya s\u00fct tozu tercih edilerek yo\u011furt \u00fcretmek i\u00e7in kullan\u0131lan makinelerde de baz\u0131 farkl\u0131l\u0131klar bulunmaktad\u0131r. Bu nedenle \u00fcretime ge\u00e7meden \u00f6nce \u00f6ncelikle hammaddelerin ne oldu\u011funu belirlemelisiniz. \u00dcretimde s\u00fct tozu kullanmak istiyorsan\u0131z so\u011futma tank\u0131 alman\u0131za gerek yok. , Ancak \u00fcretimde taze s\u00fct kullanmak istiyorsan\u0131z so\u011futma tank\u0131 kullanmal\u0131s\u0131n\u0131z.<\/p>    <h2 class=\"wp-block-heading\">Yo\u011furt \u00fcretim hatt\u0131 nas\u0131l se\u00e7ilir<\/h2>    <p>Piyasada yo\u011furt yapmak i\u00e7in kullan\u0131lan bir\u00e7ok makine var ve fiyatlar\u0131 da olduk\u00e7a farkl\u0131. Yo\u011furt \u00fcretim hatt\u0131 al\u0131rken, yo\u011furt \u00fcretim makinesinin teknik \u00f6zellikleri ve boyutlar\u0131n\u0131n yan\u0131 s\u0131ra, daha da \u00f6nemlisi yo\u011furt \u00fcretim hatt\u0131n\u0131n malzemesine de dikkat etmeniz gerekir. Paslanmaz \u00e7elik malzemeyi se\u00e7meye \u00e7al\u0131\u015f\u0131n \u00e7\u00fcnk\u00fc yo\u011furt s\u0131kl\u0131kla s\u0131v\u0131lara maruz kal\u0131r ve paslanmaya daha yatk\u0131nd\u0131r, bu nedenle paslanmaz \u00e7elik malzeme \u00e7ok \u00f6nemlidir.<\/p>    <h2 class=\"wp-block-heading\">\u015eirket Profili<\/h2>    <p>Uzun y\u0131llard\u0131r yo\u011furt makineleriyle ilgileniyoruz ve zengin deneyime sahibiz. \u0130hracat yaparken m\u00fc\u015fterilerimize en d\u00fc\u015f\u00fck fiyatlarla sat\u0131yoruz. Yo\u011furt \u00fcreten bir\u00e7ok fabrika var. Hu Ke'nin sorununu zaman\u0131nda \u00e7\u00f6zebilece\u011fimiz i\u00e7in makinelerimizi defalarca sat\u0131n alaca\u011f\u0131z. Komplike.<\/p>    <figure class=\"wp-block-image size-full\"><img loading=\"lazy\" decoding=\"async\" width=\"750\" height=\"736\" src=\"https:\/\/yogurt-machines.com\/wp-content\/uploads\/2021\/10\/yogurt-production-line-company.jpg\" alt=\"yo\u011furt \u00fcretim hatt\u0131\" class=\"wp-image-1670\" title=\"\"><\/figure>","protected":false},"excerpt":{"rendered":"<p class=\"translation-block\">Firmam\u0131z a\u011f\u0131rl\u0131kl\u0131 olarak 200-500ml\u2019lik k\u00fc\u00e7\u00fck yo\u011furt \u00fcretim hatlar\u0131 ihra\u00e7 etmektedir. Uzun vadeli birikimle Kenya, G\u00fcney Afrika, Nijerya, Pakistan ve di\u011fer yerlere ihracat yapt\u0131k ve iyi bir\u2026 <a title=\"300ml Yogurt Production Line Shipped to Kenya\" class=\"read-more\" href=\"https:\/\/yogurt-machines.com\/tr\/300ml-yogurt-production-line-shipped-to-kenya\/\" aria-label=\"Read more about 300ml Yogurt Production Line Shipped to Kenya\">\u2026<\/a><\/p>","protected":false},"author":1,"featured_media":1667,"parent":0,"menu_order":0,"comment_status":"open","ping_status":"closed","template":"","meta":{"footnotes":""},"class_list":["post-1665","page","type-page","status-publish","has-post-thumbnail"],"_links":{"self":[{"href":"https:\/\/yogurt-machines.com\/tr\/wp-json\/wp\/v2\/pages\/1665","targetHints":{"allow":["GET"]}}],"collection":[{"href":"https:\/\/yogurt-machines.com\/tr\/wp-json\/wp\/v2\/pages"}],"about":[{"href":"https:\/\/yogurt-machines.com\/tr\/wp-json\/wp\/v2\/types\/page"}],"author":[{"embeddable":true,"href":"https:\/\/yogurt-machines.com\/tr\/wp-json\/wp\/v2\/users\/1"}],"replies":[{"embeddable":true,"href":"https:\/\/yogurt-machines.com\/tr\/wp-json\/wp\/v2\/comments?post=1665"}],"version-history":[{"count":0,"href":"https:\/\/yogurt-machines.com\/tr\/wp-json\/wp\/v2\/pages\/1665\/revisions"}],"wp:featuredmedia":[{"embeddable":true,"href":"https:\/\/yogurt-machines.com\/tr\/wp-json\/wp\/v2\/media\/1667"}],"wp:attachment":[{"href":"https:\/\/yogurt-machines.com\/tr\/wp-json\/wp\/v2\/media?parent=1665"}],"curies":[{"name":"wp","href":"https:\/\/api.w.org\/{rel}","templated":true}]}}