{"id":21,"date":"2019-11-20T09:23:24","date_gmt":"2019-11-20T09:23:24","guid":{"rendered":"http:\/\/yogurt-machines.com\/?page_id=21"},"modified":"2021-03-01T10:56:17","modified_gmt":"2021-03-01T02:56:17","slug":"taizy-yogurt-machinery","status":"publish","type":"page","link":"https:\/\/yogurt-machines.com\/tr\/","title":{"rendered":"Taizy Yo\u011furt Makinalar\u0131"},"content":{"rendered":"<div class=\"wp-block-columns is-layout-flex wp-container-core-columns-is-layout-9d6595d7 wp-block-columns-is-layout-flex\"> <div class=\"wp-block-column is-layout-flow wp-block-column-is-layout-flow\"> <h2 class=\"has-text-align-center wp-block-heading\" id=\"h-company-profile\"> <strong>\u015eirket Profili<\/strong> <\/h2>    <div class=\"wp-block-image\"><figure class=\"aligncenter size-large is-resized\"><img loading=\"lazy\" decoding=\"async\" src=\"https:\/\/yogurt-machines.com\/wp-content\/uploads\/2019\/11\/org_underline2.png\" alt=\"\" class=\"wp-image-251\" width=\"154\" height=\"4\" title=\"\" srcset=\"https:\/\/yogurt-machines.com\/wp-content\/uploads\/2019\/11\/org_underline2.png 154w, https:\/\/yogurt-machines.com\/wp-content\/uploads\/2019\/11\/org_underline2-150x4.png 150w\" sizes=\"auto, (max-width: 154px) 100vw, 154px\" \/><\/figure><\/div>    <p class=\"has-text-align-center\"> Zhengzhou Taizy Machinery Co., Ltd, \u00c7in'in \u00f6nde gelen yo\u011furt i\u015fleme makinesi \u00fcreticisidir ve \u00fcretim, tasar\u0131m, kurulum ve montaj\u0131 bir b\u00fct\u00fcn olarak entegre ederek m\u00fc\u015fterilerimize en iyi hizmeti sunmaktay\u0131z. \u00dcretti\u011fimiz yo\u011furt makineleri m\u00fckemmel \u00e7al\u0131\u015fma verimlili\u011fine sahip olup, talebiniz do\u011frultusunda istedi\u011finiz kapasiteyi \u00f6zelle\u015ftirebilmekteyiz.<\/p> <\/div>    <div class=\"wp-block-column shadow is-layout-flow wp-block-column-is-layout-flow\"> <figure class=\"wp-block-image size-large\"><img loading=\"lazy\" decoding=\"async\" width=\"1024\" height=\"652\" src=\"https:\/\/yogurt-machines.com\/wp-content\/uploads\/2019\/12\/factory-1024x652.jpg\" alt=\"\" class=\"wp-image-387\" title=\"\" srcset=\"https:\/\/yogurt-machines.com\/wp-content\/uploads\/2019\/12\/factory-1024x652.jpg 1024w, https:\/\/yogurt-machines.com\/wp-content\/uploads\/2019\/12\/factory-300x191.jpg 300w, https:\/\/yogurt-machines.com\/wp-content\/uploads\/2019\/12\/factory-768x489.jpg 768w, https:\/\/yogurt-machines.com\/wp-content\/uploads\/2019\/12\/factory.jpg 1156w\" sizes=\"auto, (max-width: 1024px) 100vw, 1024px\" \/><\/figure> <\/div> <\/div>    <div class=\"bg\">    <div class=\"wp-block-columns is-layout-flex wp-container-core-columns-is-layout-9d6595d7 wp-block-columns-is-layout-flex\"> <div class=\"wp-block-column is-layout-flow wp-block-column-is-layout-flow\"> <figure class=\"wp-block-image size-large\"><img loading=\"lazy\" decoding=\"async\" width=\"750\" height=\"608\" src=\"https:\/\/yogurt-machines.com\/wp-content\/uploads\/2019\/12\/certificate-11.jpg\" alt=\"\" class=\"wp-image-389\" title=\"\" srcset=\"https:\/\/yogurt-machines.com\/wp-content\/uploads\/2019\/12\/certificate-11.jpg 750w, https:\/\/yogurt-machines.com\/wp-content\/uploads\/2019\/12\/certificate-11-300x243.jpg 300w\" sizes=\"auto, (max-width: 750px) 100vw, 750px\" \/><\/figure> <\/div>    <div class=\"wp-block-column text is-layout-flow wp-block-column-is-layout-flow\"> <h2 class=\"has-text-align-center wp-block-heading\" id=\"h-authorized-certificates\"> Yetkili Sertifikalar <\/h2>    <p class=\"has-text-align-center\"> Taizy yo\u011furt i\u015fleme makineleri bir\u00e7ok \u00fclkede sat\u0131ld\u0131 ve m\u00fc\u015fterilerden iyi geri bildirimler ald\u0131. Deniza\u015f\u0131r\u0131 \u00fclkelerle uzun vadeli al\u0131\u015fveri\u015fler ve i\u015fbirli\u011fi, Taizy yo\u011furdunun zamana ayak uydurarak geni\u015f uluslararas\u0131 pazarlar kazanmas\u0131n\u0131 sa\u011fl\u0131yor.<\/p> <\/div> <\/div>    <\/div>    <h2 class=\"has-text-align-center wp-block-heading\" id=\"h-our-products\"><strong> \u00dcr\u00fcnlerimiz <\/strong><\/h2>    <div class=\"wp-block-image\"><figure class=\"aligncenter size-large\"><img loading=\"lazy\" decoding=\"async\" width=\"154\" height=\"4\" src=\"https:\/\/yogurt-machines.com\/wp-content\/uploads\/2019\/11\/org_underline2.png\" alt=\"\" class=\"wp-image-251\" title=\"\" srcset=\"https:\/\/yogurt-machines.com\/wp-content\/uploads\/2019\/11\/org_underline2.png 154w, https:\/\/yogurt-machines.com\/wp-content\/uploads\/2019\/11\/org_underline2-150x4.png 150w\" sizes=\"auto, (max-width: 154px) 100vw, 154px\" \/><\/figure><\/div>    <div class=\"pt-cv-wrapper\"><div class=\"pt-cv-view pt-cv-grid pt-cv-colsys\" id=\"pt-cv-view-4b1fdda17f\"><div data-id=\"pt-cv-page-1\" class=\"pt-cv-page\" data-cvc=\"3\"><div class=\"col-md-4 col-sm-6 col-xs-12 pt-cv-content-item pt-cv-1-col\"  data-pid=\"7960\"><div class='pt-cv-ifield'><a href=\"https:\/\/yogurt-machines.com\/tr\/reconstituted-milk-yogurt-production-line\/\" class=\"_self pt-cv-href-thumbnail pt-cv-thumb-default cvplbd\" target=\"_self\" ><img loading=\"lazy\" decoding=\"async\" width=\"720\" height=\"540\" src=\"https:\/\/yogurt-machines.com\/wp-content\/uploads\/2026\/03\/reconstituted-milk-yogurt-production-line.webp\" class=\"pt-cv-thumbnail img-none\" alt=\"yeniden yap\u0131land\u0131r\u0131lm\u0131\u015f s\u00fct yo\u011furdu \u00fcretim hatt\u0131\" srcset=\"https:\/\/yogurt-machines.com\/wp-content\/uploads\/2026\/03\/reconstituted-milk-yogurt-production-line.webp 720w, https:\/\/yogurt-machines.com\/wp-content\/uploads\/2026\/03\/reconstituted-milk-yogurt-production-line-16x12.webp 16w\" sizes=\"auto, (max-width: 720px) 100vw, 720px\" title=\"\"><\/a> <h4 class=\"pt-cv-title\"><a href=\"https:\/\/yogurt-machines.com\/tr\/reconstituted-milk-yogurt-production-line\/\" class=\"_self cvplbd\" target=\"_self\" >Yeniden Olu\u015fmu\u015f S\u00fct Yo\u011furdu \u00dcretim Hatt\u0131<\/a><\/h4> <div class=\"pt-cv-content\">K\u00fc\u00e7\u00fck \u00f6l\u00e7ekli yo\u011furt \u00fcretimi i\u00e7in s\u00fct tozundan yo\u011furt \u00fcretim hatt\u0131na tam k\u0131lavuz. Maliyet analizi, ekipman \u00f6zellikleri ve ...<br \/><div class=\"pt-cv-rmwrap\"><a href=\"https:\/\/yogurt-machines.com\/tr\/reconstituted-milk-yogurt-production-line\/\" class=\"_self pt-cv-readmore btn btn-success cvplbd\" target=\"_self\">Devam\u0131n\u0131 oku<\/a><\/div><\/div><\/div><\/div> <div class=\"col-md-4 col-sm-6 col-xs-12 pt-cv-content-item pt-cv-1-col\"  data-pid=\"7924\"><div class='pt-cv-ifield'><a href=\"https:\/\/yogurt-machines.com\/tr\/yogurt-machine-maintenance-guide\/\" class=\"_self pt-cv-href-thumbnail pt-cv-thumb-default cvplbd\" target=\"_self\" ><img loading=\"lazy\" decoding=\"async\" width=\"720\" height=\"540\" src=\"https:\/\/yogurt-machines.com\/wp-content\/uploads\/2026\/03\/yogurt-machine-maintenance.webp\" class=\"pt-cv-thumbnail img-none\" alt=\"yo\u011furt makinesi bak\u0131m\u0131\" srcset=\"https:\/\/yogurt-machines.com\/wp-content\/uploads\/2026\/03\/yogurt-machine-maintenance.webp 720w, https:\/\/yogurt-machines.com\/wp-content\/uploads\/2026\/03\/yogurt-machine-maintenance-16x12.webp 16w\" sizes=\"auto, (max-width: 720px) 100vw, 720px\" title=\"\"><\/a> <h4 class=\"pt-cv-title\"><a href=\"https:\/\/yogurt-machines.com\/tr\/yogurt-machine-maintenance-guide\/\" class=\"_self cvplbd\" target=\"_self\" >Tam Yo\u011furt Makinesi Bak\u0131m Rehberi: Ekipman \u00d6mr\u00fcn\u00fc Uzat\u0131n<\/a><\/h4> <div class=\"pt-cv-content\">Tam yo\u011furt makinesi bak\u0131m k\u0131lavuzu. G\u00fcnl\u00fck, haftal\u0131k, ayl\u0131k bak\u0131m programlar\u0131. CIP temizlik prosed\u00fcrleri, yayg\u0131n sorunlar\u0131n giderilmesi. Ekipman \u00f6mr\u00fcn\u00fc uzat\u0131n ...<br \/><div class=\"pt-cv-rmwrap\"><a href=\"https:\/\/yogurt-machines.com\/tr\/yogurt-machine-maintenance-guide\/\" class=\"_self pt-cv-readmore btn btn-success cvplbd\" target=\"_self\">Devam\u0131n\u0131 oku<\/a><\/div><\/div><\/div><\/div> <div class=\"col-md-4 col-sm-6 col-xs-12 pt-cv-content-item pt-cv-1-col\"  data-pid=\"7849\"><div class='pt-cv-ifield'><a href=\"https:\/\/yogurt-machines.com\/tr\/kenyan-client-inspect-yogurt-producing-machine-factory\/\" class=\"_self pt-cv-href-thumbnail pt-cv-thumb-default cvplbd\" target=\"_self\" ><img loading=\"lazy\" decoding=\"async\" width=\"720\" height=\"540\" src=\"https:\/\/yogurt-machines.com\/wp-content\/uploads\/2026\/02\/customers-and-our-professional-sales.webp\" class=\"pt-cv-thumbnail img-none\" alt=\"m\u00fc\u015fteriler ve profesyonel sat\u0131\u015f ekibimiz\" srcset=\"https:\/\/yogurt-machines.com\/wp-content\/uploads\/2026\/02\/customers-and-our-professional-sales.webp 720w, https:\/\/yogurt-machines.com\/wp-content\/uploads\/2026\/02\/customers-and-our-professional-sales-16x12.webp 16w\" sizes=\"auto, (max-width: 720px) 100vw, 720px\" title=\"\"><\/a> <h4 class=\"pt-cv-title\"><a href=\"https:\/\/yogurt-machines.com\/tr\/kenyan-client-inspect-yogurt-producing-machine-factory\/\" class=\"_self cvplbd\" target=\"_self\" >Kenya'l\u0131 M\u00fc\u015fteri Fabrikada Yo\u011furt \u00dcretim Makinesini \u0130nceliyor<\/a><\/h4> <div class=\"pt-cv-content\">Bir Kenya m\u00fc\u015fterisi, \u00f6zelle\u015ftirilmi\u015f 1000L yo\u011furt makinesi \u00fcretim hatt\u0131n\u0131 incelemek \u00fczere fabrikam\u0131z\u0131 ziyaret etti. Tam denemeyi g\u00f6zlemledikten sonra ...<br \/><div class=\"pt-cv-rmwrap\"><a href=\"https:\/\/yogurt-machines.com\/tr\/kenyan-client-inspect-yogurt-producing-machine-factory\/\" class=\"_self pt-cv-readmore btn btn-success cvplbd\" target=\"_self\">Devam\u0131n\u0131 oku<\/a><\/div><\/div><\/div><\/div> <div class=\"col-md-4 col-sm-6 col-xs-12 pt-cv-content-item pt-cv-1-col\"  data-pid=\"7819\"><div class='pt-cv-ifield'><a href=\"https:\/\/yogurt-machines.com\/tr\/yogurt-filling-sealing-machine-buying-guide\/\" class=\"_self pt-cv-href-thumbnail pt-cv-thumb-default cvplbd\" target=\"_self\" ><img loading=\"lazy\" decoding=\"async\" width=\"720\" height=\"540\" src=\"https:\/\/yogurt-machines.com\/wp-content\/uploads\/2026\/01\/linear-yogurt-filling-sealing-machine.webp\" class=\"pt-cv-thumbnail img-none\" alt=\"Lineer yo\u011furt doldurma ve m\u00fch\u00fcrleme makinesi\" srcset=\"https:\/\/yogurt-machines.com\/wp-content\/uploads\/2026\/01\/linear-yogurt-filling-sealing-machine.webp 720w, https:\/\/yogurt-machines.com\/wp-content\/uploads\/2026\/01\/linear-yogurt-filling-sealing-machine-16x12.webp 16w\" sizes=\"auto, (max-width: 720px) 100vw, 720px\" title=\"\"><\/a> <h4 class=\"pt-cv-title\"><a href=\"https:\/\/yogurt-machines.com\/tr\/yogurt-filling-sealing-machine-buying-guide\/\" class=\"_self cvplbd\" target=\"_self\" >Yo\u011furt Doldurma ve M\u00fch\u00fcrleme Makinesi Al\u0131m Rehberi<\/a><\/h4> <div class=\"pt-cv-content\">Bu sat\u0131n alma rehberi, makine tipi, kupa boyutu uyumlulu\u011fu gibi do\u011fru yo\u011furt doldurma ve kapama makinesini nas\u0131l se\u00e7ece\u011finizi a\u00e7\u0131klayacakt\u0131r, ...<br \/><div class=\"pt-cv-rmwrap\"><a href=\"https:\/\/yogurt-machines.com\/tr\/yogurt-filling-sealing-machine-buying-guide\/\" class=\"_self pt-cv-readmore btn btn-success cvplbd\" target=\"_self\">Devam\u0131n\u0131 oku<\/a><\/div><\/div><\/div><\/div> <div class=\"col-md-4 col-sm-6 col-xs-12 pt-cv-content-item pt-cv-1-col\"  data-pid=\"7785\"><div class='pt-cv-ifield'><a href=\"https:\/\/yogurt-machines.com\/tr\/faq-about-commercial-yogurt-maker\/\" class=\"_self pt-cv-href-thumbnail pt-cv-thumb-default cvplbd\" target=\"_self\" ><img loading=\"lazy\" decoding=\"async\" width=\"720\" height=\"540\" src=\"https:\/\/yogurt-machines.com\/wp-content\/uploads\/2026\/01\/commercial-yogurt-maker.webp\" class=\"pt-cv-thumbnail img-none\" alt=\"ticari yo\u011furt makinesi\" srcset=\"https:\/\/yogurt-machines.com\/wp-content\/uploads\/2026\/01\/commercial-yogurt-maker.webp 720w, https:\/\/yogurt-machines.com\/wp-content\/uploads\/2026\/01\/commercial-yogurt-maker-16x12.webp 16w\" sizes=\"auto, (max-width: 720px) 100vw, 720px\" title=\"\"><\/a> <h4 class=\"pt-cv-title\"><a href=\"https:\/\/yogurt-machines.com\/tr\/faq-about-commercial-yogurt-maker\/\" class=\"_self cvplbd\" target=\"_self\" >Ticari Yo\u011furt Makinesi Hakk\u0131nda SSS<\/a><\/h4> <div class=\"pt-cv-content\">Bu makale, kapasite, fermantasyon kontrol\u00fc, temizlik gibi konular da dahil olmak \u00fczere, sat\u0131n almadan \u00f6nce m\u00fc\u015fterilerin en s\u0131k sordu\u011fu sorular\u0131 yan\u0131tlamaktad\u0131r.<br \/><div class=\"pt-cv-rmwrap\"><a href=\"https:\/\/yogurt-machines.com\/tr\/faq-about-commercial-yogurt-maker\/\" class=\"_self pt-cv-readmore btn btn-success cvplbd\" target=\"_self\">Devam\u0131n\u0131 oku<\/a><\/div><\/div><\/div><\/div> <div class=\"col-md-4 col-sm-6 col-xs-12 pt-cv-content-item pt-cv-1-col\"  data-pid=\"7718\"><div class='pt-cv-ifield'><a href=\"https:\/\/yogurt-machines.com\/tr\/homogenizer-machine-for-dairy-food-processing\/\" class=\"_self pt-cv-href-thumbnail pt-cv-thumb-default cvplbd\" target=\"_self\" ><img loading=\"lazy\" decoding=\"async\" width=\"720\" height=\"540\" src=\"https:\/\/yogurt-machines.com\/wp-content\/uploads\/2025\/11\/automatic-homogenizer-machine.webp\" class=\"pt-cv-thumbnail img-none\" alt=\"otomatik homojenizat\u00f6r makinesi\" srcset=\"https:\/\/yogurt-machines.com\/wp-content\/uploads\/2025\/11\/automatic-homogenizer-machine.webp 720w, https:\/\/yogurt-machines.com\/wp-content\/uploads\/2025\/11\/automatic-homogenizer-machine-16x12.webp 16w\" sizes=\"auto, (max-width: 720px) 100vw, 720px\" title=\"\"><\/a> <h4 class=\"pt-cv-title\"><a href=\"https:\/\/yogurt-machines.com\/tr\/homogenizer-machine-for-dairy-food-processing\/\" class=\"_self cvplbd\" target=\"_self\" >S\u00fct ve Yo\u011furt G\u0131da \u0130\u015fleme \u0130\u00e7in Homojenizat\u00f6r Makinesi<\/a><\/h4> <div class=\"pt-cv-content\">Taizy homojenizat\u00f6r\u00fc, 100-2000 L\/saat aras\u0131 esnek kapasite sunar ve daha ince, daha beyaz ve daha stabil \u00fcr\u00fcnler \u00fcreterek \u00fcr\u00fcn kalitesini \u00f6nemli \u00f6l\u00e7\u00fcde art\u0131r\u0131r ...<br \/><div class=\"pt-cv-rmwrap\"><a href=\"https:\/\/yogurt-machines.com\/tr\/homogenizer-machine-for-dairy-food-processing\/\" class=\"_self pt-cv-readmore btn btn-success cvplbd\" target=\"_self\">Devam\u0131n\u0131 oku<\/a><\/div><\/div><\/div><\/div><\/div><\/div><\/div>\t\t\t<style type=\"text\/css\" id=\"pt-cv-inline-style-3ed9001g3z\">#pt-cv-view-4b1fdda17f .pt-cv-title a, #pt-cv-view-4b1fdda17f  .panel-title { font-weight: 600 !important; } #pt-cv-view-4b1fdda17f .pt-cv-readmore  { color: #ffffff !important; background-color: #00aeef !important; } #pt-cv-view-4b1fdda17f .pt-cv-readmore:hover  { color: #ffffff !important; background-color: #00aeef !important; }<\/style>  \t\t\t    <h2 class=\"has-text-align-center wp-block-heading\" id=\"h-our-service\"><strong>Hizmetimiz <\/strong><\/h2>    <div class=\"wp-block-image\"><figure class=\"aligncenter size-large\"><img loading=\"lazy\" decoding=\"async\" width=\"154\" height=\"4\" src=\"https:\/\/yogurt-machines.com\/wp-content\/uploads\/2019\/11\/org_underline2.png\" alt=\"\" class=\"wp-image-251\" title=\"\" srcset=\"https:\/\/yogurt-machines.com\/wp-content\/uploads\/2019\/11\/org_underline2.png 154w, https:\/\/yogurt-machines.com\/wp-content\/uploads\/2019\/11\/org_underline2-150x4.png 150w\" sizes=\"auto, (max-width: 154px) 100vw, 154px\" \/><\/figure><\/div>    <div class=\"wp-block-columns three-text is-layout-flex wp-container-core-columns-is-layout-9d6595d7 wp-block-columns-is-layout-flex\"> <div class=\"wp-block-column is-layout-flow wp-block-column-is-layout-flow\"> <div class=\"wp-block-image is-style-circle-mask\"><figure class=\"aligncenter size-large\"><img loading=\"lazy\" decoding=\"async\" width=\"88\" height=\"70\" src=\"https:\/\/yogurt-machines.com\/wp-content\/uploads\/2019\/11\/tools.png\" alt=\"\" class=\"wp-image-112\" title=\"\"><\/figure><\/div>    <p class=\"has-text-align-center\">Ki\u015fisel \u00f6zelle\u015ftirme. Taizy yo\u011furt i\u015fleme makinelerinin kapasitesi 200L-5T aras\u0131nda de\u011fi\u015fmektedir ve ihtiyac\u0131n\u0131za g\u00f6re sizin i\u00e7in uygun hatlar\u0131 \u00f6zelle\u015ftirece\u011fiz.<\/p> <\/div>    <div class=\"wp-block-column is-layout-flow wp-block-column-is-layout-flow\"> <div class=\"wp-block-image is-style-circle-mask\"><figure class=\"aligncenter size-large\"><img loading=\"lazy\" decoding=\"async\" width=\"88\" height=\"70\" src=\"https:\/\/yogurt-machines.com\/wp-content\/uploads\/2019\/11\/tools.png\" alt=\"\" class=\"wp-image-112\" title=\"\"><\/figure><\/div>    <p class=\"has-text-align-center\"> Profesyonel e\u011fitim. Makinenin nas\u0131l kurulaca\u011f\u0131 ve kullan\u0131laca\u011f\u0131 konusunda asla endi\u015felenmeyin, mutlaka teknisyenlerimizi size yard\u0131mc\u0131 olacak \u015fekilde ayarl\u0131yoruz.<\/p> <\/div>    <div class=\"wp-block-column is-layout-flow wp-block-column-is-layout-flow\"> <div class=\"wp-block-image is-style-circle-mask\"><figure class=\"aligncenter size-large\"><img loading=\"lazy\" decoding=\"async\" width=\"88\" height=\"70\" src=\"https:\/\/yogurt-machines.com\/wp-content\/uploads\/2019\/11\/tools.png\" alt=\"\" class=\"wp-image-112\" title=\"\"><\/figure><\/div>    <p class=\"has-text-align-center\">K\u00e2rl\u0131l\u0131k analizi. Nas\u0131l para kazan\u0131l\u0131r? Yat\u0131r\u0131m yapt\u0131\u011f\u0131n\u0131z paray\u0131 ne zaman geri kazanabilirsiniz? Yerel pazar baz\u0131nda m\u00fckemmel bir plan yapaca\u011f\u0131z<\/p> <\/div> <\/div>    <p><\/p>","protected":false},"excerpt":{"rendered":"<p class=\"translation-block\">\u015eirket Profili Zhengzhou Taizy Machinery Co., Ltd, \u00c7in'in \u00f6nde gelen yo\u011furt i\u015fleme makinesi \u00fcreticilerindendir ve \u00fcretim, tasar\u0131m, kurulum ve montaj\u0131 bir b\u00fct\u00fcn olarak entegre ederek en iyi \u2026 <a title=\"Taizy Yogurt Machinery\" class=\"read-more\" href=\"https:\/\/yogurt-machines.com\/tr\/\" aria-label=\"Taizy Yo\u011furt Makineleri hakk\u0131nda daha fazla bilgi edin\">\u2026<\/a><\/p>","protected":false},"author":1,"featured_media":0,"parent":0,"menu_order":0,"comment_status":"closed","ping_status":"closed","template":"","meta":{"footnotes":""},"class_list":["post-21","page","type-page","status-publish"],"_links":{"self":[{"href":"https:\/\/yogurt-machines.com\/tr\/wp-json\/wp\/v2\/pages\/21","targetHints":{"allow":["GET"]}}],"collection":[{"href":"https:\/\/yogurt-machines.com\/tr\/wp-json\/wp\/v2\/pages"}],"about":[{"href":"https:\/\/yogurt-machines.com\/tr\/wp-json\/wp\/v2\/types\/page"}],"author":[{"embeddable":true,"href":"https:\/\/yogurt-machines.com\/tr\/wp-json\/wp\/v2\/users\/1"}],"replies":[{"embeddable":true,"href":"https:\/\/yogurt-machines.com\/tr\/wp-json\/wp\/v2\/comments?post=21"}],"version-history":[{"count":0,"href":"https:\/\/yogurt-machines.com\/tr\/wp-json\/wp\/v2\/pages\/21\/revisions"}],"wp:attachment":[{"href":"https:\/\/yogurt-machines.com\/tr\/wp-json\/wp\/v2\/media?parent=21"}],"curies":[{"name":"wp","href":"https:\/\/api.w.org\/{rel}","templated":true}]}}