{"id":9,"date":"2019-11-20T08:56:35","date_gmt":"2019-11-20T08:56:35","guid":{"rendered":"http:\/\/yogurt-machines.com\/?page_id=9"},"modified":"2019-12-06T08:31:51","modified_gmt":"2019-12-06T00:31:51","slug":"about-us","status":"publish","type":"page","link":"https:\/\/yogurt-machines.com\/tr\/about-us\/","title":{"rendered":"Hakk\u0131m\u0131zda"},"content":{"rendered":"<figure class=\"wp-block-image size-large\"><img loading=\"lazy\" decoding=\"async\" width=\"87\" height=\"6\" src=\"https:\/\/yogurt-machines.com\/wp-content\/uploads\/2019\/11\/theme-title.png\" alt=\"\" class=\"wp-image-287\" title=\"\"><\/figure>    <h2 class=\"has-text-align-center wp-block-heading\"> Taizy Machinery Co., Ltd. <\/h2>    <p>Taizy Machinery, 10 y\u0131ldan fazla s\u00fcren zorlu ara\u015ft\u0131rmalar\u0131n ard\u0131ndan eksiksiz ve etkili bir servis sistemi kurmu\u015f ve deneyimli bir sat\u0131\u015f ekibi olu\u015fturmu\u015ftur. M\u00fc\u015fterilere yaln\u0131zca tesis yerle\u015fimi, ak\u0131\u015f \u015femalar\u0131 ve k\u00e2rl\u0131l\u0131k analizi sa\u011flamakla kalm\u0131yoruz, ayn\u0131 zamanda yurt d\u0131\u015f\u0131na giderek i\u015f\u00e7ileri e\u011fitmek ve y\u00f6nlendirmek ve makineyi \u00e7al\u0131\u015ft\u0131rmalar\u0131na yard\u0131mc\u0131 olmak \u00fczere m\u00fchendisler g\u00f6revlendiriyoruz. Bunu yaparak m\u00fc\u015fterilerden yayg\u0131n \u00f6vg\u00fc kazand\u0131k.\u00a0\u0130yi g\u00fcvenilirlik, m\u00fckemmel kalite ve samimi hizmet s\u00fcrekli aray\u0131\u015f\u0131m\u0131zd\u0131r. Aral\u0131ks\u0131z \u00e7al\u0131\u015fmalar\u0131m\u0131zla yo\u011furt i\u015fleme makinesinin geli\u015fmesine ve refah\u0131na katk\u0131da bulunabilmeyi diliyoruz.<\/p>    <figure class=\"wp-block-image size-large\"><img loading=\"lazy\" decoding=\"async\" width=\"960\" height=\"724\" src=\"https:\/\/yogurt-machines.com\/wp-content\/uploads\/2019\/11\/company.jpg\" alt=\"\" class=\"wp-image-331\" title=\"\" srcset=\"https:\/\/yogurt-machines.com\/wp-content\/uploads\/2019\/11\/company.jpg 960w, https:\/\/yogurt-machines.com\/wp-content\/uploads\/2019\/11\/company-300x226.jpg 300w, https:\/\/yogurt-machines.com\/wp-content\/uploads\/2019\/11\/company-768x579.jpg 768w\" sizes=\"auto, (max-width: 960px) 100vw, 960px\" \/><\/figure>    <h2 class=\"has-text-align-center wp-block-heading\">Hizmetimiz<\/h2>    <ol class=\"wp-block-list\"><li>Ki\u015fisel \u00f6zelle\u015ftirme. Taizy yo\u011furt i\u015fleme makinelerinin kapasitesi 200L-5T aras\u0131nda de\u011fi\u015fmektedir ve ihtiyac\u0131n\u0131za g\u00f6re sizin i\u00e7in uygun hatlar\u0131 \u00f6zelle\u015ftirece\u011fiz.<\/li><li>Profesyonel e\u011fitim. Makinenin nas\u0131l kurulaca\u011f\u0131 ve kullan\u0131laca\u011f\u0131 konusunda asla endi\u015felenmeyin, mutlaka teknisyenlerimizi size yard\u0131mc\u0131 olacak \u015fekilde ayarl\u0131yoruz.<\/li><li>K\u00e2rl\u0131l\u0131k analizi. Nas\u0131l para kazan\u0131l\u0131r? Yat\u0131r\u0131m yapt\u0131\u011f\u0131n\u0131z paray\u0131 ne zaman geri kazanabilirsiniz? Yerel pazar baz\u0131nda m\u00fckemmel bir plan yapaca\u011f\u0131z.<\/li><\/ol>    <figure class=\"wp-block-image size-large\"><img loading=\"lazy\" decoding=\"async\" width=\"1024\" height=\"768\" src=\"https:\/\/yogurt-machines.com\/wp-content\/uploads\/2019\/11\/yogurt-machines-1024x768.jpg\" alt=\"\" class=\"wp-image-364\" title=\"\" srcset=\"https:\/\/yogurt-machines.com\/wp-content\/uploads\/2019\/11\/yogurt-machines-1024x768.jpg 1024w, https:\/\/yogurt-machines.com\/wp-content\/uploads\/2019\/11\/yogurt-machines-300x225.jpg 300w, https:\/\/yogurt-machines.com\/wp-content\/uploads\/2019\/11\/yogurt-machines-768x576.jpg 768w, https:\/\/yogurt-machines.com\/wp-content\/uploads\/2019\/11\/yogurt-machines-1536x1152.jpg 1536w, https:\/\/yogurt-machines.com\/wp-content\/uploads\/2019\/11\/yogurt-machines-2048x1536.jpg 2048w\" sizes=\"auto, (max-width: 1024px) 100vw, 1024px\" \/><\/figure>","protected":false},"excerpt":{"rendered":"<p class=\"translation-block\">Taizy Machinery Co., Ltd. On iki y\u0131ldan uzun s\u00fcren yo\u011fun ke\u015fifler sonras\u0131nda Taizy machinery tam bir ve etkili servis sistemi kurdu ve deneyimli bir sat\u0131\u015f ekibi olu\u015fturdu. Sadece \u2026 <a title=\"About Us\" class=\"read-more\" href=\"https:\/\/yogurt-machines.com\/tr\/about-us\/\" aria-label=\"Read more about About Us\">\u2026<\/a><\/p>","protected":false},"author":1,"featured_media":0,"parent":0,"menu_order":0,"comment_status":"closed","ping_status":"closed","template":"","meta":{"footnotes":""},"class_list":["post-9","page","type-page","status-publish"],"_links":{"self":[{"href":"https:\/\/yogurt-machines.com\/tr\/wp-json\/wp\/v2\/pages\/9","targetHints":{"allow":["GET"]}}],"collection":[{"href":"https:\/\/yogurt-machines.com\/tr\/wp-json\/wp\/v2\/pages"}],"about":[{"href":"https:\/\/yogurt-machines.com\/tr\/wp-json\/wp\/v2\/types\/page"}],"author":[{"embeddable":true,"href":"https:\/\/yogurt-machines.com\/tr\/wp-json\/wp\/v2\/users\/1"}],"replies":[{"embeddable":true,"href":"https:\/\/yogurt-machines.com\/tr\/wp-json\/wp\/v2\/comments?post=9"}],"version-history":[{"count":0,"href":"https:\/\/yogurt-machines.com\/tr\/wp-json\/wp\/v2\/pages\/9\/revisions"}],"wp:attachment":[{"href":"https:\/\/yogurt-machines.com\/tr\/wp-json\/wp\/v2\/media?parent=9"}],"curies":[{"name":"wp","href":"https:\/\/api.w.org\/{rel}","templated":true}]}}